{"id":563,"date":"2021-03-08T13:09:03","date_gmt":"2021-03-08T13:09:03","guid":{"rendered":"https:\/\/afyonmutludogum.com\/?page_id=563"},"modified":"2021-06-13T09:54:48","modified_gmt":"2021-06-13T09:54:48","slug":"hakkimda","status":"publish","type":"page","link":"https:\/\/afyonmutludogum.com\/index.php\/hakkimda\/","title":{"rendered":"Hakk\u0131mda"},"content":{"rendered":"\n<div class=\"wp-block-image\"><figure class=\"aligncenter size-large\"><img loading=\"lazy\" decoding=\"async\" width=\"1024\" height=\"1024\" src=\"https:\/\/afyonmutludogum.com\/wp-content\/uploads\/2021\/03\/WhatsApp-Image-2021-02-01-at-16.40.44-1024x1024.jpeg\" alt=\"Ebe S\u0131d\u0131ka Karc\u0131\" class=\"wp-image-564\" srcset=\"https:\/\/afyonmutludogum.com\/wp-content\/uploads\/2021\/03\/WhatsApp-Image-2021-02-01-at-16.40.44-1024x1024.jpeg 1024w, https:\/\/afyonmutludogum.com\/wp-content\/uploads\/2021\/03\/WhatsApp-Image-2021-02-01-at-16.40.44-300x300.jpeg 300w, https:\/\/afyonmutludogum.com\/wp-content\/uploads\/2021\/03\/WhatsApp-Image-2021-02-01-at-16.40.44-150x150.jpeg 150w, https:\/\/afyonmutludogum.com\/wp-content\/uploads\/2021\/03\/WhatsApp-Image-2021-02-01-at-16.40.44-768x768.jpeg 768w, https:\/\/afyonmutludogum.com\/wp-content\/uploads\/2021\/03\/WhatsApp-Image-2021-02-01-at-16.40.44-1536x1536.jpeg 1536w, https:\/\/afyonmutludogum.com\/wp-content\/uploads\/2021\/03\/WhatsApp-Image-2021-02-01-at-16.40.44-230x230.jpeg 230w, https:\/\/afyonmutludogum.com\/wp-content\/uploads\/2021\/03\/WhatsApp-Image-2021-02-01-at-16.40.44-365x365.jpeg 365w, https:\/\/afyonmutludogum.com\/wp-content\/uploads\/2021\/03\/WhatsApp-Image-2021-02-01-at-16.40.44.jpeg 1599w\" sizes=\"(max-width: 1024px) 100vw, 1024px\" \/><\/figure><\/div>\n\n\n\n<h4 class=\"has-text-align-center has-text-color wp-block-heading\" style=\"color:#f6a6b9\">E\u011fitmen ve Ebe S\u0131dd\u0131ka Karc\u0131<\/h4>\n\n\n\n<p class=\"has-text-align-center\">1973 y\u0131l\u0131nda Afyonkarahisar\u2019da do\u011fdu. 1991 y\u0131l\u0131nda Konya Sa\u011fl\u0131k Meslek Lisesi&nbsp; Ebelik b\u00f6l\u00fcm\u00fcnden mezun olduktan sonra ayn\u0131 y\u0131l Sel\u00e7uk \u00dcniversitesi Hem\u015firelik \u00d6nlisans b\u00f6l\u00fcm\u00fcnde e\u011fitimine devam etti. Atat\u00fcrk \u00dcniversitesi Sa\u011fl\u0131k Bilimleri Fak\u00fcltesi &nbsp;Hem\u015firelik B\u00f6l\u00fcm\u00fcnden mezun oldu. 2016 y\u0131l\u0131nda K\u00fctahya Dumlup\u0131nar \u00dcniversitesi\u2019nde&nbsp;&nbsp; Formasyon E\u011fitimini &nbsp;tamamlad\u0131.2018 de \u0130stanbul Do\u011fum Akademisinden Suda-Suya&nbsp; Do\u011fum, &nbsp;2019 y\u0131l\u0131nda \u0130stanbul Do\u011fum Akademisi &nbsp;Do\u011fuma Haz\u0131rl\u0131k E\u011fitmeni ve Doulal\u0131k ( \u0130leri doula Mod\u00fcl\u00fc de dahil. Rebozo, Aromaterapi, Bas\u0131 Noktalar\u0131 vs )e\u011fitimi ald\u0131. 2020 de Temas Derne\u011fiyle Emzirme ve Anne S\u00fct\u00fcne y\u00f6nelik&nbsp; yeni \u00e7al\u0131\u015fmalar ve bilgiler \u00fczerine dan\u0131\u015fmanl\u0131k ald\u0131.<\/p>\n\n\n\n<p class=\"has-text-align-center\">1991 de Konya Do\u011fumevine atanarak kamuda &nbsp;ebelik&nbsp; g\u00f6revine&nbsp; ba\u015flad\u0131. 1997 y\u0131l\u0131nda Afyon Do\u011fumevi Yenido\u011fan servisinde \u00e7al\u0131\u015ft\u0131. K\u0131r\u015fehir ili \u00d6zba\u011f sa\u011fl\u0131k oca\u011f\u0131, sa\u011fl\u0131k evi ve &nbsp;Devlet hastanesi &nbsp;farkl\u0131 birimlerinde &nbsp;25 y\u0131l bir fiil kamuda \u00e7al\u0131\u015ft\u0131ktan sonra \u00d6zel Ebe olarak sizlerle &nbsp;devam etmektedir. Ayn\u0131 zamanda&nbsp; Kad\u0131n olmas\u0131 ve 2 Normal Do\u011fumla d\u00fcnyaya getirdi\u011fi evlatlar\u0131 sayesinde anne olmas\u0131yla&nbsp; gebeleri&nbsp; sar\u0131p sarmalamaktad\u0131r.<\/p>\n\n\n\n<p>E\u011fitmen ve Ebe,<\/p>\n\n\n\n<p>Emzirme ve Yenido\u011fan Dan\u0131\u015fman\u0131,<\/p>\n\n\n\n<p>\u0130DA sertifikal\u0131 Do\u011fuma Haz\u0131rl\u0131k E\u011fitmeni ve Doula,<\/p>\n\n\n\n<p>Do\u011fum \u00d6ncesi ve Sonras\u0131 Evde Bak\u0131m Hizmeti.<\/p>\n\n\n\n<h4 class=\"has-text-color wp-block-heading\" style=\"color:#f6a6b9\">Ald\u0131\u011f\u0131 E\u011fitimler:<\/h4>\n\n\n\n<ul><li>Do\u011fuma Haz\u0131rl\u0131k E\u011fitimi<\/li><li>Suda Do\u011fum E\u011fitimi<\/li><li>Temas Derne\u011fi Emzirme E\u011fitimi<\/li><li>Bach \u00c7i\u00e7ekleri Homeopati E\u011fitimi<\/li><\/ul>\n\n\n\n<p>Hemen bizimle ileti\u015fime ge\u00e7in<\/p>\n\n\n<p>[ninja_form id=1]<\/p>\n","protected":false},"excerpt":{"rendered":"<p>E\u011fitmen ve Ebe S\u0131dd\u0131ka Karc\u0131 1973 y\u0131l\u0131nda Afyonkarahisar\u2019da do\u011fdu. 1991 y\u0131l\u0131nda Konya Sa\u011fl\u0131k Meslek Lisesi&nbsp; Ebelik b\u00f6l\u00fcm\u00fcnden mezun olduktan sonra ayn\u0131 y\u0131l Sel\u00e7uk \u00dcniversitesi Hem\u015firelik \u00d6nlisans b\u00f6l\u00fcm\u00fcnde e\u011fitimine devam etti. Atat\u00fcrk \u00dcniversitesi Sa\u011fl\u0131k Bilimleri Fak\u00fcltesi &nbsp;Hem\u015firelik B\u00f6l\u00fcm\u00fcnden mezun oldu. 2016<\/p>\n","protected":false},"author":1,"featured_media":0,"parent":0,"menu_order":0,"comment_status":"closed","ping_status":"closed","template":"","meta":{"footnotes":""},"yoast_head":"<!-- This site is optimized with the Yoast SEO plugin v20.1 - https:\/\/yoast.com\/wordpress\/plugins\/seo\/ -->\n<title>Hakk\u0131mda - Afyon Mutlu Do\u011fum<\/title>\n<meta name=\"robots\" content=\"index, follow, max-snippet:-1, max-image-preview:large, max-video-preview:-1\" \/>\n<link rel=\"canonical\" href=\"https:\/\/afyonmutludogum.com\/index.php\/hakkimda\/\" \/>\n<meta property=\"og:locale\" content=\"tr_TR\" \/>\n<meta property=\"og:type\" content=\"article\" \/>\n<meta property=\"og:title\" content=\"Hakk\u0131mda - Afyon Mutlu Do\u011fum\" \/>\n<meta property=\"og:description\" content=\"E\u011fitmen ve Ebe S\u0131dd\u0131ka Karc\u0131 1973 y\u0131l\u0131nda Afyonkarahisar\u2019da do\u011fdu. 1991 y\u0131l\u0131nda Konya Sa\u011fl\u0131k Meslek Lisesi&nbsp; Ebelik b\u00f6l\u00fcm\u00fcnden mezun olduktan sonra ayn\u0131 y\u0131l Sel\u00e7uk \u00dcniversitesi Hem\u015firelik \u00d6nlisans b\u00f6l\u00fcm\u00fcnde e\u011fitimine devam etti. Atat\u00fcrk \u00dcniversitesi Sa\u011fl\u0131k Bilimleri Fak\u00fcltesi &nbsp;Hem\u015firelik B\u00f6l\u00fcm\u00fcnden mezun oldu. 2016\" \/>\n<meta property=\"og:url\" content=\"https:\/\/afyonmutludogum.com\/index.php\/hakkimda\/\" \/>\n<meta property=\"og:site_name\" content=\"Afyon Mutlu Do\u011fum\" \/>\n<meta property=\"article:modified_time\" content=\"2021-06-13T09:54:48+00:00\" \/>\n<meta property=\"og:image\" content=\"https:\/\/afyonmutludogum.com\/wp-content\/uploads\/2021\/03\/WhatsApp-Image-2021-02-01-at-16.40.44-1024x1024.jpeg\" \/>\n<meta name=\"twitter:card\" content=\"summary_large_image\" \/>\n<meta name=\"twitter:label1\" content=\"Tahmini okuma s\u00fcresi\" \/>\n\t<meta name=\"twitter:data1\" content=\"2 dakika\" \/>\n<script type=\"application\/ld+json\" class=\"yoast-schema-graph\">{\"@context\":\"https:\/\/schema.org\",\"@graph\":[{\"@type\":\"WebPage\",\"@id\":\"https:\/\/afyonmutludogum.com\/index.php\/hakkimda\/\",\"url\":\"https:\/\/afyonmutludogum.com\/index.php\/hakkimda\/\",\"name\":\"Hakk\u0131mda - Afyon Mutlu Do\u011fum\",\"isPartOf\":{\"@id\":\"https:\/\/afyonmutludogum.com\/#website\"},\"datePublished\":\"2021-03-08T13:09:03+00:00\",\"dateModified\":\"2021-06-13T09:54:48+00:00\",\"breadcrumb\":{\"@id\":\"https:\/\/afyonmutludogum.com\/index.php\/hakkimda\/#breadcrumb\"},\"inLanguage\":\"tr\",\"potentialAction\":[{\"@type\":\"ReadAction\",\"target\":[\"https:\/\/afyonmutludogum.com\/index.php\/hakkimda\/\"]}]},{\"@type\":\"BreadcrumbList\",\"@id\":\"https:\/\/afyonmutludogum.com\/index.php\/hakkimda\/#breadcrumb\",\"itemListElement\":[{\"@type\":\"ListItem\",\"position\":1,\"name\":\"Anasayfa\",\"item\":\"https:\/\/afyonmutludogum.com\/\"},{\"@type\":\"ListItem\",\"position\":2,\"name\":\"Hakk\u0131mda\"}]},{\"@type\":\"WebSite\",\"@id\":\"https:\/\/afyonmutludogum.com\/#website\",\"url\":\"https:\/\/afyonmutludogum.com\/\",\"name\":\"Afyon Mutlu Do\u011fum\",\"description\":\"Bebe\u011finize Huzurlu Bir Ba\u015flang\u0131\u00e7\",\"publisher\":{\"@id\":\"https:\/\/afyonmutludogum.com\/#\/schema\/person\/77a452a4cac6ef161d43202e37c7354f\"},\"potentialAction\":[{\"@type\":\"SearchAction\",\"target\":{\"@type\":\"EntryPoint\",\"urlTemplate\":\"https:\/\/afyonmutludogum.com\/?s={search_term_string}\"},\"query-input\":\"required name=search_term_string\"}],\"inLanguage\":\"tr\"},{\"@type\":[\"Person\",\"Organization\"],\"@id\":\"https:\/\/afyonmutludogum.com\/#\/schema\/person\/77a452a4cac6ef161d43202e37c7354f\",\"name\":\"S\u0131dd\u0131ka Karc\u0131\",\"image\":{\"@type\":\"ImageObject\",\"inLanguage\":\"tr\",\"@id\":\"https:\/\/afyonmutludogum.com\/#\/schema\/person\/image\/\",\"url\":\"https:\/\/afyonmutludogum.com\/wp-content\/uploads\/2021\/01\/cropped-cropped-Adsiz-tasarim-21.png\",\"contentUrl\":\"https:\/\/afyonmutludogum.com\/wp-content\/uploads\/2021\/01\/cropped-cropped-Adsiz-tasarim-21.png\",\"width\":358,\"height\":173,\"caption\":\"S\u0131dd\u0131ka Karc\u0131\"},\"logo\":{\"@id\":\"https:\/\/afyonmutludogum.com\/#\/schema\/person\/image\/\"},\"sameAs\":[\"https:\/\/afyonmutludogum.com\"]}]}<\/script>\n<!-- \/ Yoast SEO plugin. -->","yoast_head_json":{"title":"Hakk\u0131mda - Afyon Mutlu Do\u011fum","robots":{"index":"index","follow":"follow","max-snippet":"max-snippet:-1","max-image-preview":"max-image-preview:large","max-video-preview":"max-video-preview:-1"},"canonical":"https:\/\/afyonmutludogum.com\/index.php\/hakkimda\/","og_locale":"tr_TR","og_type":"article","og_title":"Hakk\u0131mda - Afyon Mutlu Do\u011fum","og_description":"E\u011fitmen ve Ebe S\u0131dd\u0131ka Karc\u0131 1973 y\u0131l\u0131nda Afyonkarahisar\u2019da do\u011fdu. 1991 y\u0131l\u0131nda Konya Sa\u011fl\u0131k Meslek Lisesi&nbsp; Ebelik b\u00f6l\u00fcm\u00fcnden mezun olduktan sonra ayn\u0131 y\u0131l Sel\u00e7uk \u00dcniversitesi Hem\u015firelik \u00d6nlisans b\u00f6l\u00fcm\u00fcnde e\u011fitimine devam etti. Atat\u00fcrk \u00dcniversitesi Sa\u011fl\u0131k Bilimleri Fak\u00fcltesi &nbsp;Hem\u015firelik B\u00f6l\u00fcm\u00fcnden mezun oldu. 2016","og_url":"https:\/\/afyonmutludogum.com\/index.php\/hakkimda\/","og_site_name":"Afyon Mutlu Do\u011fum","article_modified_time":"2021-06-13T09:54:48+00:00","og_image":[{"url":"https:\/\/afyonmutludogum.com\/wp-content\/uploads\/2021\/03\/WhatsApp-Image-2021-02-01-at-16.40.44-1024x1024.jpeg"}],"twitter_card":"summary_large_image","twitter_misc":{"Tahmini okuma s\u00fcresi":"2 dakika"},"schema":{"@context":"https:\/\/schema.org","@graph":[{"@type":"WebPage","@id":"https:\/\/afyonmutludogum.com\/index.php\/hakkimda\/","url":"https:\/\/afyonmutludogum.com\/index.php\/hakkimda\/","name":"Hakk\u0131mda - Afyon Mutlu Do\u011fum","isPartOf":{"@id":"https:\/\/afyonmutludogum.com\/#website"},"datePublished":"2021-03-08T13:09:03+00:00","dateModified":"2021-06-13T09:54:48+00:00","breadcrumb":{"@id":"https:\/\/afyonmutludogum.com\/index.php\/hakkimda\/#breadcrumb"},"inLanguage":"tr","potentialAction":[{"@type":"ReadAction","target":["https:\/\/afyonmutludogum.com\/index.php\/hakkimda\/"]}]},{"@type":"BreadcrumbList","@id":"https:\/\/afyonmutludogum.com\/index.php\/hakkimda\/#breadcrumb","itemListElement":[{"@type":"ListItem","position":1,"name":"Anasayfa","item":"https:\/\/afyonmutludogum.com\/"},{"@type":"ListItem","position":2,"name":"Hakk\u0131mda"}]},{"@type":"WebSite","@id":"https:\/\/afyonmutludogum.com\/#website","url":"https:\/\/afyonmutludogum.com\/","name":"Afyon Mutlu Do\u011fum","description":"Bebe\u011finize Huzurlu Bir Ba\u015flang\u0131\u00e7","publisher":{"@id":"https:\/\/afyonmutludogum.com\/#\/schema\/person\/77a452a4cac6ef161d43202e37c7354f"},"potentialAction":[{"@type":"SearchAction","target":{"@type":"EntryPoint","urlTemplate":"https:\/\/afyonmutludogum.com\/?s={search_term_string}"},"query-input":"required name=search_term_string"}],"inLanguage":"tr"},{"@type":["Person","Organization"],"@id":"https:\/\/afyonmutludogum.com\/#\/schema\/person\/77a452a4cac6ef161d43202e37c7354f","name":"S\u0131dd\u0131ka Karc\u0131","image":{"@type":"ImageObject","inLanguage":"tr","@id":"https:\/\/afyonmutludogum.com\/#\/schema\/person\/image\/","url":"https:\/\/afyonmutludogum.com\/wp-content\/uploads\/2021\/01\/cropped-cropped-Adsiz-tasarim-21.png","contentUrl":"https:\/\/afyonmutludogum.com\/wp-content\/uploads\/2021\/01\/cropped-cropped-Adsiz-tasarim-21.png","width":358,"height":173,"caption":"S\u0131dd\u0131ka Karc\u0131"},"logo":{"@id":"https:\/\/afyonmutludogum.com\/#\/schema\/person\/image\/"},"sameAs":["https:\/\/afyonmutludogum.com"]}]}},"_links":{"self":[{"href":"https:\/\/afyonmutludogum.com\/index.php\/wp-json\/wp\/v2\/pages\/563"}],"collection":[{"href":"https:\/\/afyonmutludogum.com\/index.php\/wp-json\/wp\/v2\/pages"}],"about":[{"href":"https:\/\/afyonmutludogum.com\/index.php\/wp-json\/wp\/v2\/types\/page"}],"author":[{"embeddable":true,"href":"https:\/\/afyonmutludogum.com\/index.php\/wp-json\/wp\/v2\/users\/1"}],"replies":[{"embeddable":true,"href":"https:\/\/afyonmutludogum.com\/index.php\/wp-json\/wp\/v2\/comments?post=563"}],"version-history":[{"count":5,"href":"https:\/\/afyonmutludogum.com\/index.php\/wp-json\/wp\/v2\/pages\/563\/revisions"}],"predecessor-version":[{"id":622,"href":"https:\/\/afyonmutludogum.com\/index.php\/wp-json\/wp\/v2\/pages\/563\/revisions\/622"}],"wp:attachment":[{"href":"https:\/\/afyonmutludogum.com\/index.php\/wp-json\/wp\/v2\/media?parent=563"}],"curies":[{"name":"wp","href":"https:\/\/api.w.org\/{rel}","templated":true}]}}