{"id":579,"date":"2021-03-08T13:26:41","date_gmt":"2021-03-08T13:26:41","guid":{"rendered":"https:\/\/afyonmutludogum.com\/?page_id=579"},"modified":"2021-06-13T11:48:11","modified_gmt":"2021-06-13T11:48:11","slug":"hizmetlerim","status":"publish","type":"page","link":"https:\/\/afyonmutludogum.com\/index.php\/hizmetlerim\/","title":{"rendered":"Hizmetlerim"},"content":{"rendered":"\n<div class=\"wp-block-cover has-background-dim has-parallax\" style=\"background-image:url(https:\/\/afyonmutludogum.com\/wp-content\/uploads\/2021\/06\/Adsiz-tasarim.png);background-color:#f6a5b8;min-height:100px\"><div class=\"wp-block-cover__inner-container is-layout-flow wp-block-cover-is-layout-flow\">\n<p class=\"has-text-align-center has-large-font-size\">Her Gebe \u015eefkatli Bir Ebe Hak Eder!<\/p>\n<\/div><\/div>\n\n\n\n<hr class=\"wp-block-separator has-text-color has-background is-style-wide\" style=\"background-color:#f6a5b8;color:#f6a5b8\"\/>\n\n\n\n<p>1991 y\u0131l\u0131ndan beri yapt\u0131\u011f\u0131m ebelik mesle\u011fini g\u00fcncel e\u011fitimlerle daha da zenginle\u015ftirip size hizmetler sunuyorum.<\/p>\n\n\n\n<hr class=\"wp-block-separator has-text-color has-background is-style-wide\" style=\"background-color:#f6a5b8;color:#f6a5b8\"\/>\n\n\n\n<div class=\"wp-block-media-text alignwide is-stacked-on-mobile\"><figure class=\"wp-block-media-text__media\"><img loading=\"lazy\" decoding=\"async\" width=\"1024\" height=\"768\" src=\"https:\/\/afyonmutludogum.com\/wp-content\/uploads\/2021\/06\/WhatsApp-Image-2021-02-01-at-16.47.38-1024x768.jpeg\" alt=\"\" class=\"wp-image-625 size-full\" srcset=\"https:\/\/afyonmutludogum.com\/wp-content\/uploads\/2021\/06\/WhatsApp-Image-2021-02-01-at-16.47.38-1024x768.jpeg 1024w, https:\/\/afyonmutludogum.com\/wp-content\/uploads\/2021\/06\/WhatsApp-Image-2021-02-01-at-16.47.38-300x225.jpeg 300w, https:\/\/afyonmutludogum.com\/wp-content\/uploads\/2021\/06\/WhatsApp-Image-2021-02-01-at-16.47.38-768x576.jpeg 768w, https:\/\/afyonmutludogum.com\/wp-content\/uploads\/2021\/06\/WhatsApp-Image-2021-02-01-at-16.47.38-1536x1152.jpeg 1536w, https:\/\/afyonmutludogum.com\/wp-content\/uploads\/2021\/06\/WhatsApp-Image-2021-02-01-at-16.47.38.jpeg 1600w\" sizes=\"(max-width: 1024px) 100vw, 1024px\" \/><\/figure><div class=\"wp-block-media-text__content\">\n<h2 class=\"wp-block-heading\">1. Do\u011fumda \u00d6zel Ebe Deste\u011fi<\/h2>\n\n\n\n<p>Do\u011fumunuzda \u00f6zel ebe deste\u011fi alarak do\u011fumda \u015fefkatli bir destek alabilirsiniz. Detayl\u0131 bilgi i\u00e7in <a href=\"https:\/\/afyonmutludogum.com\/index.php\/dogumda-ebe-destegi\/\" data-type=\"page\" data-id=\"599\">t\u0131klay\u0131n\u0131z<\/a>.<\/p>\n<\/div><\/div>\n\n\n\n<div class=\"wp-block-media-text alignwide is-stacked-on-mobile\"><figure class=\"wp-block-media-text__media\"><img loading=\"lazy\" decoding=\"async\" width=\"768\" height=\"1024\" src=\"https:\/\/afyonmutludogum.com\/wp-content\/uploads\/2021\/06\/WhatsApp-Image-2021-05-22-at-13.14.46-2-768x1024.jpeg\" alt=\"\" class=\"wp-image-643 size-full\" srcset=\"https:\/\/afyonmutludogum.com\/wp-content\/uploads\/2021\/06\/WhatsApp-Image-2021-05-22-at-13.14.46-2-768x1024.jpeg 768w, https:\/\/afyonmutludogum.com\/wp-content\/uploads\/2021\/06\/WhatsApp-Image-2021-05-22-at-13.14.46-2-225x300.jpeg 225w, https:\/\/afyonmutludogum.com\/wp-content\/uploads\/2021\/06\/WhatsApp-Image-2021-05-22-at-13.14.46-2-1152x1536.jpeg 1152w, https:\/\/afyonmutludogum.com\/wp-content\/uploads\/2021\/06\/WhatsApp-Image-2021-05-22-at-13.14.46-2.jpeg 1200w\" sizes=\"(max-width: 768px) 100vw, 768px\" \/><\/figure><div class=\"wp-block-media-text__content\">\n<h2 class=\"wp-block-heading\">2. Lohusal\u0131kta Ebe Deste\u011fi<\/h2>\n\n\n\n<p>Lohusal\u0131kta ebe deste\u011fi alarak, bu ge\u00e7i\u015f s\u00fcrecini daha da kolayla\u015ft\u0131rabilirsiniz. Detayl\u0131 bilgi i\u00e7in <a href=\"https:\/\/afyonmutludogum.com\/index.php\/lohusalikta-ebe-destegi\/\" data-type=\"page\" data-id=\"602\">t\u0131klay\u0131n\u0131z.<\/a><\/p>\n<\/div><\/div>\n\n\n\n<div class=\"wp-block-media-text alignwide is-stacked-on-mobile\"><figure class=\"wp-block-media-text__media\"><img loading=\"lazy\" decoding=\"async\" width=\"1024\" height=\"768\" src=\"https:\/\/afyonmutludogum.com\/wp-content\/uploads\/2021\/06\/WhatsApp-Image-2021-05-22-at-13.14.45-1-1024x768.jpeg\" alt=\"\" class=\"wp-image-644 size-full\" srcset=\"https:\/\/afyonmutludogum.com\/wp-content\/uploads\/2021\/06\/WhatsApp-Image-2021-05-22-at-13.14.45-1-1024x768.jpeg 1024w, https:\/\/afyonmutludogum.com\/wp-content\/uploads\/2021\/06\/WhatsApp-Image-2021-05-22-at-13.14.45-1-300x225.jpeg 300w, https:\/\/afyonmutludogum.com\/wp-content\/uploads\/2021\/06\/WhatsApp-Image-2021-05-22-at-13.14.45-1-768x576.jpeg 768w, https:\/\/afyonmutludogum.com\/wp-content\/uploads\/2021\/06\/WhatsApp-Image-2021-05-22-at-13.14.45-1-1536x1152.jpeg 1536w, https:\/\/afyonmutludogum.com\/wp-content\/uploads\/2021\/06\/WhatsApp-Image-2021-05-22-at-13.14.45-1.jpeg 1600w\" sizes=\"(max-width: 1024px) 100vw, 1024px\" \/><\/figure><div class=\"wp-block-media-text__content\">\n<h2 class=\"wp-block-heading\">3. Do\u011fum \u00d6ncesi E\u011fitimler<\/h2>\n\n\n\n<p>Do\u011fum \u00f6ncesi do\u011fuma haz\u0131rl\u0131k ve\/veya emzirme e\u011fitimleri ile ebeveynli\u011fe kolay bir ge\u00e7i\u015f sa\u011flay\u0131n. Art\u0131k online e\u011fitimlerle T\u00fcrkiye&#8217;nin hatta d\u00fcnyan\u0131n neresinde olursan\u0131z olun e\u011fitimlere kolayca ula\u015fabilirsiniz. Detayl\u0131 bilgi i\u00e7in <a href=\"https:\/\/afyonmutludogum.com\/index.php\/egitimler\/\" data-type=\"page\" data-id=\"605\">t\u0131klay\u0131n\u0131z.<\/a><\/p>\n<\/div><\/div>\n\n\n\n<hr class=\"wp-block-separator has-text-color has-background is-style-wide\" style=\"background-color:#f6a5b8;color:#f6a5b8\"\/>\n\n\n\n<p>Hemen bize ula\u015fmak i\u00e7in a\u015fa\u011f\u0131daki formu doldurunuz ya da <a href=\"tel: 0905365490592\" data-type=\"tel\" data-id=\"tel: 0905365490592\">05365490592<\/a> nolu telefondan bize ula\u015f\u0131n\u0131z.<\/p>\n\n\n\n<hr class=\"wp-block-separator has-text-color has-background is-style-wide\" style=\"background-color:#f6a5b8;color:#f6a5b8\"\/>\n\n\n","protected":false},"excerpt":{"rendered":"<p>1991 y\u0131l\u0131ndan beri yapt\u0131\u011f\u0131m ebelik mesle\u011fini g\u00fcncel e\u011fitimlerle daha da zenginle\u015ftirip size hizmetler sunuyorum. 1. Do\u011fumda \u00d6zel Ebe Deste\u011fi Do\u011fumunuzda \u00f6zel ebe deste\u011fi alarak do\u011fumda \u015fefkatli bir destek alabilirsiniz. Detayl\u0131 bilgi i\u00e7in t\u0131klay\u0131n\u0131z. 2. Lohusal\u0131kta Ebe Deste\u011fi Lohusal\u0131kta ebe deste\u011fi<\/p>\n","protected":false},"author":1,"featured_media":0,"parent":0,"menu_order":0,"comment_status":"closed","ping_status":"closed","template":"","meta":{"footnotes":""},"yoast_head":"<!-- This site is optimized with the Yoast SEO plugin v20.1 - https:\/\/yoast.com\/wordpress\/plugins\/seo\/ -->\n<title>Hizmetlerim - Afyon Mutlu Do\u011fum<\/title>\n<meta name=\"robots\" content=\"index, follow, max-snippet:-1, max-image-preview:large, max-video-preview:-1\" \/>\n<link rel=\"canonical\" href=\"https:\/\/afyonmutludogum.com\/index.php\/hizmetlerim\/\" \/>\n<meta property=\"og:locale\" content=\"tr_TR\" \/>\n<meta property=\"og:type\" content=\"article\" \/>\n<meta property=\"og:title\" content=\"Hizmetlerim - Afyon Mutlu Do\u011fum\" \/>\n<meta property=\"og:description\" content=\"1991 y\u0131l\u0131ndan beri yapt\u0131\u011f\u0131m ebelik mesle\u011fini g\u00fcncel e\u011fitimlerle daha da zenginle\u015ftirip size hizmetler sunuyorum. 1. Do\u011fumda \u00d6zel Ebe Deste\u011fi Do\u011fumunuzda \u00f6zel ebe deste\u011fi alarak do\u011fumda \u015fefkatli bir destek alabilirsiniz. Detayl\u0131 bilgi i\u00e7in t\u0131klay\u0131n\u0131z. 2. Lohusal\u0131kta Ebe Deste\u011fi Lohusal\u0131kta ebe deste\u011fi\" \/>\n<meta property=\"og:url\" content=\"https:\/\/afyonmutludogum.com\/index.php\/hizmetlerim\/\" \/>\n<meta property=\"og:site_name\" content=\"Afyon Mutlu Do\u011fum\" \/>\n<meta property=\"article:modified_time\" content=\"2021-06-13T11:48:11+00:00\" \/>\n<meta property=\"og:image\" content=\"https:\/\/afyonmutludogum.com\/wp-content\/uploads\/2021\/06\/WhatsApp-Image-2021-02-01-at-16.47.38-1024x768.jpeg\" \/>\n<meta name=\"twitter:card\" content=\"summary_large_image\" \/>\n<meta name=\"twitter:label1\" content=\"Tahmini okuma s\u00fcresi\" \/>\n\t<meta name=\"twitter:data1\" content=\"1 dakika\" \/>\n<script type=\"application\/ld+json\" class=\"yoast-schema-graph\">{\"@context\":\"https:\/\/schema.org\",\"@graph\":[{\"@type\":\"WebPage\",\"@id\":\"https:\/\/afyonmutludogum.com\/index.php\/hizmetlerim\/\",\"url\":\"https:\/\/afyonmutludogum.com\/index.php\/hizmetlerim\/\",\"name\":\"Hizmetlerim - Afyon Mutlu Do\u011fum\",\"isPartOf\":{\"@id\":\"https:\/\/afyonmutludogum.com\/#website\"},\"datePublished\":\"2021-03-08T13:26:41+00:00\",\"dateModified\":\"2021-06-13T11:48:11+00:00\",\"breadcrumb\":{\"@id\":\"https:\/\/afyonmutludogum.com\/index.php\/hizmetlerim\/#breadcrumb\"},\"inLanguage\":\"tr\",\"potentialAction\":[{\"@type\":\"ReadAction\",\"target\":[\"https:\/\/afyonmutludogum.com\/index.php\/hizmetlerim\/\"]}]},{\"@type\":\"BreadcrumbList\",\"@id\":\"https:\/\/afyonmutludogum.com\/index.php\/hizmetlerim\/#breadcrumb\",\"itemListElement\":[{\"@type\":\"ListItem\",\"position\":1,\"name\":\"Anasayfa\",\"item\":\"https:\/\/afyonmutludogum.com\/\"},{\"@type\":\"ListItem\",\"position\":2,\"name\":\"Hizmetlerim\"}]},{\"@type\":\"WebSite\",\"@id\":\"https:\/\/afyonmutludogum.com\/#website\",\"url\":\"https:\/\/afyonmutludogum.com\/\",\"name\":\"Afyon Mutlu Do\u011fum\",\"description\":\"Bebe\u011finize Huzurlu Bir Ba\u015flang\u0131\u00e7\",\"publisher\":{\"@id\":\"https:\/\/afyonmutludogum.com\/#\/schema\/person\/77a452a4cac6ef161d43202e37c7354f\"},\"potentialAction\":[{\"@type\":\"SearchAction\",\"target\":{\"@type\":\"EntryPoint\",\"urlTemplate\":\"https:\/\/afyonmutludogum.com\/?s={search_term_string}\"},\"query-input\":\"required name=search_term_string\"}],\"inLanguage\":\"tr\"},{\"@type\":[\"Person\",\"Organization\"],\"@id\":\"https:\/\/afyonmutludogum.com\/#\/schema\/person\/77a452a4cac6ef161d43202e37c7354f\",\"name\":\"S\u0131dd\u0131ka Karc\u0131\",\"image\":{\"@type\":\"ImageObject\",\"inLanguage\":\"tr\",\"@id\":\"https:\/\/afyonmutludogum.com\/#\/schema\/person\/image\/\",\"url\":\"https:\/\/afyonmutludogum.com\/wp-content\/uploads\/2021\/01\/cropped-cropped-Adsiz-tasarim-21.png\",\"contentUrl\":\"https:\/\/afyonmutludogum.com\/wp-content\/uploads\/2021\/01\/cropped-cropped-Adsiz-tasarim-21.png\",\"width\":358,\"height\":173,\"caption\":\"S\u0131dd\u0131ka Karc\u0131\"},\"logo\":{\"@id\":\"https:\/\/afyonmutludogum.com\/#\/schema\/person\/image\/\"},\"sameAs\":[\"https:\/\/afyonmutludogum.com\"]}]}<\/script>\n<!-- \/ Yoast SEO plugin. -->","yoast_head_json":{"title":"Hizmetlerim - Afyon Mutlu Do\u011fum","robots":{"index":"index","follow":"follow","max-snippet":"max-snippet:-1","max-image-preview":"max-image-preview:large","max-video-preview":"max-video-preview:-1"},"canonical":"https:\/\/afyonmutludogum.com\/index.php\/hizmetlerim\/","og_locale":"tr_TR","og_type":"article","og_title":"Hizmetlerim - Afyon Mutlu Do\u011fum","og_description":"1991 y\u0131l\u0131ndan beri yapt\u0131\u011f\u0131m ebelik mesle\u011fini g\u00fcncel e\u011fitimlerle daha da zenginle\u015ftirip size hizmetler sunuyorum. 1. Do\u011fumda \u00d6zel Ebe Deste\u011fi Do\u011fumunuzda \u00f6zel ebe deste\u011fi alarak do\u011fumda \u015fefkatli bir destek alabilirsiniz. Detayl\u0131 bilgi i\u00e7in t\u0131klay\u0131n\u0131z. 2. Lohusal\u0131kta Ebe Deste\u011fi Lohusal\u0131kta ebe deste\u011fi","og_url":"https:\/\/afyonmutludogum.com\/index.php\/hizmetlerim\/","og_site_name":"Afyon Mutlu Do\u011fum","article_modified_time":"2021-06-13T11:48:11+00:00","og_image":[{"url":"https:\/\/afyonmutludogum.com\/wp-content\/uploads\/2021\/06\/WhatsApp-Image-2021-02-01-at-16.47.38-1024x768.jpeg"}],"twitter_card":"summary_large_image","twitter_misc":{"Tahmini okuma s\u00fcresi":"1 dakika"},"schema":{"@context":"https:\/\/schema.org","@graph":[{"@type":"WebPage","@id":"https:\/\/afyonmutludogum.com\/index.php\/hizmetlerim\/","url":"https:\/\/afyonmutludogum.com\/index.php\/hizmetlerim\/","name":"Hizmetlerim - Afyon Mutlu Do\u011fum","isPartOf":{"@id":"https:\/\/afyonmutludogum.com\/#website"},"datePublished":"2021-03-08T13:26:41+00:00","dateModified":"2021-06-13T11:48:11+00:00","breadcrumb":{"@id":"https:\/\/afyonmutludogum.com\/index.php\/hizmetlerim\/#breadcrumb"},"inLanguage":"tr","potentialAction":[{"@type":"ReadAction","target":["https:\/\/afyonmutludogum.com\/index.php\/hizmetlerim\/"]}]},{"@type":"BreadcrumbList","@id":"https:\/\/afyonmutludogum.com\/index.php\/hizmetlerim\/#breadcrumb","itemListElement":[{"@type":"ListItem","position":1,"name":"Anasayfa","item":"https:\/\/afyonmutludogum.com\/"},{"@type":"ListItem","position":2,"name":"Hizmetlerim"}]},{"@type":"WebSite","@id":"https:\/\/afyonmutludogum.com\/#website","url":"https:\/\/afyonmutludogum.com\/","name":"Afyon Mutlu Do\u011fum","description":"Bebe\u011finize Huzurlu Bir Ba\u015flang\u0131\u00e7","publisher":{"@id":"https:\/\/afyonmutludogum.com\/#\/schema\/person\/77a452a4cac6ef161d43202e37c7354f"},"potentialAction":[{"@type":"SearchAction","target":{"@type":"EntryPoint","urlTemplate":"https:\/\/afyonmutludogum.com\/?s={search_term_string}"},"query-input":"required name=search_term_string"}],"inLanguage":"tr"},{"@type":["Person","Organization"],"@id":"https:\/\/afyonmutludogum.com\/#\/schema\/person\/77a452a4cac6ef161d43202e37c7354f","name":"S\u0131dd\u0131ka Karc\u0131","image":{"@type":"ImageObject","inLanguage":"tr","@id":"https:\/\/afyonmutludogum.com\/#\/schema\/person\/image\/","url":"https:\/\/afyonmutludogum.com\/wp-content\/uploads\/2021\/01\/cropped-cropped-Adsiz-tasarim-21.png","contentUrl":"https:\/\/afyonmutludogum.com\/wp-content\/uploads\/2021\/01\/cropped-cropped-Adsiz-tasarim-21.png","width":358,"height":173,"caption":"S\u0131dd\u0131ka Karc\u0131"},"logo":{"@id":"https:\/\/afyonmutludogum.com\/#\/schema\/person\/image\/"},"sameAs":["https:\/\/afyonmutludogum.com"]}]}},"_links":{"self":[{"href":"https:\/\/afyonmutludogum.com\/index.php\/wp-json\/wp\/v2\/pages\/579"}],"collection":[{"href":"https:\/\/afyonmutludogum.com\/index.php\/wp-json\/wp\/v2\/pages"}],"about":[{"href":"https:\/\/afyonmutludogum.com\/index.php\/wp-json\/wp\/v2\/types\/page"}],"author":[{"embeddable":true,"href":"https:\/\/afyonmutludogum.com\/index.php\/wp-json\/wp\/v2\/users\/1"}],"replies":[{"embeddable":true,"href":"https:\/\/afyonmutludogum.com\/index.php\/wp-json\/wp\/v2\/comments?post=579"}],"version-history":[{"count":3,"href":"https:\/\/afyonmutludogum.com\/index.php\/wp-json\/wp\/v2\/pages\/579\/revisions"}],"predecessor-version":[{"id":647,"href":"https:\/\/afyonmutludogum.com\/index.php\/wp-json\/wp\/v2\/pages\/579\/revisions\/647"}],"wp:attachment":[{"href":"https:\/\/afyonmutludogum.com\/index.php\/wp-json\/wp\/v2\/media?parent=579"}],"curies":[{"name":"wp","href":"https:\/\/api.w.org\/{rel}","templated":true}]}}