{"id":583,"date":"2021-03-08T13:27:12","date_gmt":"2021-03-08T13:27:12","guid":{"rendered":"https:\/\/afyonmutludogum.com\/?page_id=583"},"modified":"2021-09-15T17:23:21","modified_gmt":"2021-09-15T17:23:21","slug":"iletisim","status":"publish","type":"page","link":"https:\/\/afyonmutludogum.com\/index.php\/iletisim\/","title":{"rendered":"\u0130leti\u015fim"},"content":{"rendered":"\n<p>Afyon ve \u00e7evresindeki t\u00fcm gebelere bire bir destek i\u00e7in bizimle hemen <a href=\"tel: 05365490592\">05365490592<\/a> numaral\u0131 telefondan ya da a\u015fa\u011f\u0131daki ileti\u015fim formundan ula\u015fabilirsiniz.<\/p>\n\n\n\n<p>E\u011fitimler online ya da y\u00fcz y\u00fcze devam ediyor. E\u011fitim talepleriniz i\u00e7in bize a\u015fa\u011f\u0131daki formdan ula\u015fabilirsiniz.<\/p>\n\n\n","protected":false},"excerpt":{"rendered":"<p>Afyon ve \u00e7evresindeki t\u00fcm gebelere bire bir destek i\u00e7in bizimle hemen 05365490592 numaral\u0131 telefondan ya da a\u015fa\u011f\u0131daki ileti\u015fim formundan ula\u015fabilirsiniz. E\u011fitimler online ya da y\u00fcz y\u00fcze devam ediyor. E\u011fitim talepleriniz i\u00e7in bize a\u015fa\u011f\u0131daki formdan ula\u015fabilirsiniz.<\/p>\n","protected":false},"author":1,"featured_media":0,"parent":0,"menu_order":0,"comment_status":"closed","ping_status":"closed","template":"","meta":{"footnotes":""},"yoast_head":"<!-- This site is optimized with the Yoast SEO plugin v20.1 - https:\/\/yoast.com\/wordpress\/plugins\/seo\/ -->\n<title>\u0130leti\u015fim - Afyon Mutlu Do\u011fum<\/title>\n<meta name=\"robots\" content=\"index, follow, max-snippet:-1, max-image-preview:large, max-video-preview:-1\" \/>\n<link rel=\"canonical\" href=\"https:\/\/afyonmutludogum.com\/index.php\/iletisim\/\" \/>\n<meta property=\"og:locale\" content=\"tr_TR\" \/>\n<meta property=\"og:type\" content=\"article\" \/>\n<meta property=\"og:title\" content=\"\u0130leti\u015fim - Afyon Mutlu Do\u011fum\" \/>\n<meta property=\"og:description\" content=\"Afyon ve \u00e7evresindeki t\u00fcm gebelere bire bir destek i\u00e7in bizimle hemen 05365490592 numaral\u0131 telefondan ya da a\u015fa\u011f\u0131daki ileti\u015fim formundan ula\u015fabilirsiniz. E\u011fitimler online ya da y\u00fcz y\u00fcze devam ediyor. E\u011fitim talepleriniz i\u00e7in bize a\u015fa\u011f\u0131daki formdan ula\u015fabilirsiniz.\" \/>\n<meta property=\"og:url\" content=\"https:\/\/afyonmutludogum.com\/index.php\/iletisim\/\" \/>\n<meta property=\"og:site_name\" content=\"Afyon Mutlu Do\u011fum\" \/>\n<meta property=\"article:modified_time\" content=\"2021-09-15T17:23:21+00:00\" \/>\n<meta name=\"twitter:card\" content=\"summary_large_image\" \/>\n<meta name=\"twitter:label1\" content=\"Tahmini okuma s\u00fcresi\" \/>\n\t<meta name=\"twitter:data1\" content=\"1 dakika\" \/>\n<script type=\"application\/ld+json\" class=\"yoast-schema-graph\">{\"@context\":\"https:\/\/schema.org\",\"@graph\":[{\"@type\":\"WebPage\",\"@id\":\"https:\/\/afyonmutludogum.com\/index.php\/iletisim\/\",\"url\":\"https:\/\/afyonmutludogum.com\/index.php\/iletisim\/\",\"name\":\"\u0130leti\u015fim - Afyon Mutlu Do\u011fum\",\"isPartOf\":{\"@id\":\"https:\/\/afyonmutludogum.com\/#website\"},\"datePublished\":\"2021-03-08T13:27:12+00:00\",\"dateModified\":\"2021-09-15T17:23:21+00:00\",\"breadcrumb\":{\"@id\":\"https:\/\/afyonmutludogum.com\/index.php\/iletisim\/#breadcrumb\"},\"inLanguage\":\"tr\",\"potentialAction\":[{\"@type\":\"ReadAction\",\"target\":[\"https:\/\/afyonmutludogum.com\/index.php\/iletisim\/\"]}]},{\"@type\":\"BreadcrumbList\",\"@id\":\"https:\/\/afyonmutludogum.com\/index.php\/iletisim\/#breadcrumb\",\"itemListElement\":[{\"@type\":\"ListItem\",\"position\":1,\"name\":\"Anasayfa\",\"item\":\"https:\/\/afyonmutludogum.com\/\"},{\"@type\":\"ListItem\",\"position\":2,\"name\":\"\u0130leti\u015fim\"}]},{\"@type\":\"WebSite\",\"@id\":\"https:\/\/afyonmutludogum.com\/#website\",\"url\":\"https:\/\/afyonmutludogum.com\/\",\"name\":\"Afyon Mutlu Do\u011fum\",\"description\":\"Bebe\u011finize Huzurlu Bir Ba\u015flang\u0131\u00e7\",\"publisher\":{\"@id\":\"https:\/\/afyonmutludogum.com\/#\/schema\/person\/77a452a4cac6ef161d43202e37c7354f\"},\"potentialAction\":[{\"@type\":\"SearchAction\",\"target\":{\"@type\":\"EntryPoint\",\"urlTemplate\":\"https:\/\/afyonmutludogum.com\/?s={search_term_string}\"},\"query-input\":\"required name=search_term_string\"}],\"inLanguage\":\"tr\"},{\"@type\":[\"Person\",\"Organization\"],\"@id\":\"https:\/\/afyonmutludogum.com\/#\/schema\/person\/77a452a4cac6ef161d43202e37c7354f\",\"name\":\"S\u0131dd\u0131ka Karc\u0131\",\"image\":{\"@type\":\"ImageObject\",\"inLanguage\":\"tr\",\"@id\":\"https:\/\/afyonmutludogum.com\/#\/schema\/person\/image\/\",\"url\":\"https:\/\/afyonmutludogum.com\/wp-content\/uploads\/2021\/01\/cropped-cropped-Adsiz-tasarim-21.png\",\"contentUrl\":\"https:\/\/afyonmutludogum.com\/wp-content\/uploads\/2021\/01\/cropped-cropped-Adsiz-tasarim-21.png\",\"width\":358,\"height\":173,\"caption\":\"S\u0131dd\u0131ka Karc\u0131\"},\"logo\":{\"@id\":\"https:\/\/afyonmutludogum.com\/#\/schema\/person\/image\/\"},\"sameAs\":[\"https:\/\/afyonmutludogum.com\"]}]}<\/script>\n<!-- \/ Yoast SEO plugin. -->","yoast_head_json":{"title":"\u0130leti\u015fim - Afyon Mutlu Do\u011fum","robots":{"index":"index","follow":"follow","max-snippet":"max-snippet:-1","max-image-preview":"max-image-preview:large","max-video-preview":"max-video-preview:-1"},"canonical":"https:\/\/afyonmutludogum.com\/index.php\/iletisim\/","og_locale":"tr_TR","og_type":"article","og_title":"\u0130leti\u015fim - Afyon Mutlu Do\u011fum","og_description":"Afyon ve \u00e7evresindeki t\u00fcm gebelere bire bir destek i\u00e7in bizimle hemen 05365490592 numaral\u0131 telefondan ya da a\u015fa\u011f\u0131daki ileti\u015fim formundan ula\u015fabilirsiniz. E\u011fitimler online ya da y\u00fcz y\u00fcze devam ediyor. E\u011fitim talepleriniz i\u00e7in bize a\u015fa\u011f\u0131daki formdan ula\u015fabilirsiniz.","og_url":"https:\/\/afyonmutludogum.com\/index.php\/iletisim\/","og_site_name":"Afyon Mutlu Do\u011fum","article_modified_time":"2021-09-15T17:23:21+00:00","twitter_card":"summary_large_image","twitter_misc":{"Tahmini okuma s\u00fcresi":"1 dakika"},"schema":{"@context":"https:\/\/schema.org","@graph":[{"@type":"WebPage","@id":"https:\/\/afyonmutludogum.com\/index.php\/iletisim\/","url":"https:\/\/afyonmutludogum.com\/index.php\/iletisim\/","name":"\u0130leti\u015fim - Afyon Mutlu Do\u011fum","isPartOf":{"@id":"https:\/\/afyonmutludogum.com\/#website"},"datePublished":"2021-03-08T13:27:12+00:00","dateModified":"2021-09-15T17:23:21+00:00","breadcrumb":{"@id":"https:\/\/afyonmutludogum.com\/index.php\/iletisim\/#breadcrumb"},"inLanguage":"tr","potentialAction":[{"@type":"ReadAction","target":["https:\/\/afyonmutludogum.com\/index.php\/iletisim\/"]}]},{"@type":"BreadcrumbList","@id":"https:\/\/afyonmutludogum.com\/index.php\/iletisim\/#breadcrumb","itemListElement":[{"@type":"ListItem","position":1,"name":"Anasayfa","item":"https:\/\/afyonmutludogum.com\/"},{"@type":"ListItem","position":2,"name":"\u0130leti\u015fim"}]},{"@type":"WebSite","@id":"https:\/\/afyonmutludogum.com\/#website","url":"https:\/\/afyonmutludogum.com\/","name":"Afyon Mutlu Do\u011fum","description":"Bebe\u011finize Huzurlu Bir Ba\u015flang\u0131\u00e7","publisher":{"@id":"https:\/\/afyonmutludogum.com\/#\/schema\/person\/77a452a4cac6ef161d43202e37c7354f"},"potentialAction":[{"@type":"SearchAction","target":{"@type":"EntryPoint","urlTemplate":"https:\/\/afyonmutludogum.com\/?s={search_term_string}"},"query-input":"required name=search_term_string"}],"inLanguage":"tr"},{"@type":["Person","Organization"],"@id":"https:\/\/afyonmutludogum.com\/#\/schema\/person\/77a452a4cac6ef161d43202e37c7354f","name":"S\u0131dd\u0131ka Karc\u0131","image":{"@type":"ImageObject","inLanguage":"tr","@id":"https:\/\/afyonmutludogum.com\/#\/schema\/person\/image\/","url":"https:\/\/afyonmutludogum.com\/wp-content\/uploads\/2021\/01\/cropped-cropped-Adsiz-tasarim-21.png","contentUrl":"https:\/\/afyonmutludogum.com\/wp-content\/uploads\/2021\/01\/cropped-cropped-Adsiz-tasarim-21.png","width":358,"height":173,"caption":"S\u0131dd\u0131ka Karc\u0131"},"logo":{"@id":"https:\/\/afyonmutludogum.com\/#\/schema\/person\/image\/"},"sameAs":["https:\/\/afyonmutludogum.com"]}]}},"_links":{"self":[{"href":"https:\/\/afyonmutludogum.com\/index.php\/wp-json\/wp\/v2\/pages\/583"}],"collection":[{"href":"https:\/\/afyonmutludogum.com\/index.php\/wp-json\/wp\/v2\/pages"}],"about":[{"href":"https:\/\/afyonmutludogum.com\/index.php\/wp-json\/wp\/v2\/types\/page"}],"author":[{"embeddable":true,"href":"https:\/\/afyonmutludogum.com\/index.php\/wp-json\/wp\/v2\/users\/1"}],"replies":[{"embeddable":true,"href":"https:\/\/afyonmutludogum.com\/index.php\/wp-json\/wp\/v2\/comments?post=583"}],"version-history":[{"count":3,"href":"https:\/\/afyonmutludogum.com\/index.php\/wp-json\/wp\/v2\/pages\/583\/revisions"}],"predecessor-version":[{"id":669,"href":"https:\/\/afyonmutludogum.com\/index.php\/wp-json\/wp\/v2\/pages\/583\/revisions\/669"}],"wp:attachment":[{"href":"https:\/\/afyonmutludogum.com\/index.php\/wp-json\/wp\/v2\/media?parent=583"}],"curies":[{"name":"wp","href":"https:\/\/api.w.org\/{rel}","templated":true}]}}