{"id":599,"date":"2021-05-21T18:57:51","date_gmt":"2021-05-21T18:57:51","guid":{"rendered":"https:\/\/afyonmutludogum.com\/?page_id=599"},"modified":"2021-06-13T11:59:06","modified_gmt":"2021-06-13T11:59:06","slug":"dogumda-ebe-destegi","status":"publish","type":"page","link":"https:\/\/afyonmutludogum.com\/index.php\/dogumda-ebe-destegi\/","title":{"rendered":"Do\u011fumda Ebe Deste\u011fi"},"content":{"rendered":"\n<div class=\"wp-block-image is-style-default\"><figure class=\"aligncenter size-large is-resized\"><img loading=\"lazy\" decoding=\"async\" src=\"https:\/\/afyonmutludogum.com\/wp-content\/uploads\/2021\/06\/WhatsApp-Image-2021-05-22-at-13.14.46-768x1024.jpeg\" alt=\"\" class=\"wp-image-630\" width=\"576\" height=\"768\" srcset=\"https:\/\/afyonmutludogum.com\/wp-content\/uploads\/2021\/06\/WhatsApp-Image-2021-05-22-at-13.14.46-768x1024.jpeg 768w, https:\/\/afyonmutludogum.com\/wp-content\/uploads\/2021\/06\/WhatsApp-Image-2021-05-22-at-13.14.46-225x300.jpeg 225w, https:\/\/afyonmutludogum.com\/wp-content\/uploads\/2021\/06\/WhatsApp-Image-2021-05-22-at-13.14.46-1152x1536.jpeg 1152w, https:\/\/afyonmutludogum.com\/wp-content\/uploads\/2021\/06\/WhatsApp-Image-2021-05-22-at-13.14.46.jpeg 1200w\" sizes=\"(max-width: 576px) 100vw, 576px\" \/><\/figure><\/div>\n\n\n\n<p>\u00d6zel&nbsp; Ebe Deste\u011fi&nbsp; ile; ebelik hizmetinin yan\u0131nda, do\u011fumda anneyi rahatlat\u0131c\u0131 her t\u00fcrl\u00fc ila\u00e7 d\u0131\u015f\u0131 tekniklerle destek alm\u0131\u015f olur. Ebelik hizmetine&nbsp; ek olarak do\u011fum deste\u011fi yani doulal\u0131k hizmeti eklenmi\u015ftir. Do\u011fumda anne ve bebek merkezde olacak \u015fekilde do\u011fum \u00f6ncesi tercihlerinize ula\u015fabilmeniz i\u00e7in \u00e7al\u0131\u015f\u0131r. Gerekti\u011finde do\u011fumda bulunan di\u011fer ki\u015filere gerekli deste\u011fi ve bilgiyi aktar\u0131r. Bir yandan bebe\u011finizin ve sizin sa\u011fl\u0131k durumunu takip ederken di\u011fer yandan da masaj teknikleri, pozisyon teknikleri, rahatlat\u0131c\u0131 aromaterapiler ile do\u011fum dalgalar\u0131n\u0131 daha rahat kar\u015f\u0131laman\u0131z\u0131 sa\u011flar. Bu hizmeti verirken her t\u00fcrl\u00fc do\u011fum \u015feklinde sizi yarg\u0131lamadan destekler ve doktorunuzla uyumlu \u00e7al\u0131\u015f\u0131r. T\u0131bbi hizmet deste\u011fi sayesinde dilerseniz do\u011fumunuz evde ba\u015flayabilir&nbsp; ve takip olabilirsiniz. Bu sayede hastaneye erken gitmenin getirdi\u011fi bir\u00e7ok dezavantaj\u0131 ya\u015fama \u015fans\u0131n\u0131z azalacakt\u0131r. Evin g\u00fcvenli ortam\u0131 t\u0131bbi destek ile birle\u015fecek ve b\u00f6ylece do\u011fumunuz \u00e7ok daha huzurlu ba\u015flayacakt\u0131r.<\/p>\n\n\n\n<p>Yap\u0131lan \u00e7al\u0131\u015fmalar do\u011fumda deste\u011fin profesyonel bir ki\u015fi taraf\u0131ndan s\u00fcrekli verilmesi durumunda,<\/p>\n\n\n\n<p>M\u00fcdahalesiz normal do\u011fum s\u0131kl\u0131\u011f\u0131n\u0131n artt\u0131\u011f\u0131n\u0131,<\/p>\n\n\n\n<p>Daha k\u0131sa s\u00fcrede do\u011fum yapt\u0131klar\u0131n\u0131,<\/p>\n\n\n\n<p>Memnuniyetin daha fazla oldu\u011funu,<\/p>\n\n\n\n<p>Daha az a\u011fr\u0131 kesici kullan\u0131ld\u0131\u011f\u0131n\u0131,<\/p>\n\n\n\n<p>Daha az sezaryen ameliyat\u0131na gereksinim duyuldu\u011funu,<\/p>\n\n\n\n<p>Daha az m\u00fcdahale gereksinimi duyuldu\u011funu,<\/p>\n\n\n\n<p>Bebeklerin daha sa\u011fl\u0131kl\u0131 do\u011fdu\u011funu g\u00f6stermektedir.<\/p>\n\n\n\n<p>\u200b<\/p>\n\n\n\n<p>DO\u011eUM \u00d6NCES\u0130:<\/p>\n\n\n\n<p>Gebe ve E\u015fi , &nbsp;gerekirse aile b\u00fcy\u00fckleri de do\u011fuma haz\u0131rl\u0131k e\u011fitimi ile kan\u0131ta dayal\u0131 bilgiler \u0131\u015f\u0131\u011f\u0131nda pratik yaparlar ve sorumluluk almay\u0131 \u00f6\u011frenirler.&nbsp; Bu e\u011fitimle&nbsp; gebenin ki\u015filik yap\u0131s\u0131, do\u011fum tercihleri ve beklentilerinin ne oldu\u011fu netle\u015fir. Gebenin e\u015fi ve ailesiyle tan\u0131\u015fma, ebe olarak rol\u00fcn\u00fcn detaylar\u0131ndan bahsetme ger\u00e7ekle\u015ftirilir.<\/p>\n\n\n\n<p>Do\u011fuma Haz\u0131rl\u0131k A\u015famas\u0131nda&nbsp; a\u015fa\u011f\u0131daki bilgiler aktar\u0131l\u0131r:<\/p>\n\n\n\n<p>Do\u011fum nas\u0131l ba\u015flar<\/p>\n\n\n\n<p>Do\u011fumun Evreleri<\/p>\n\n\n\n<p>Do\u011fumun Hormonlar\u0131<\/p>\n\n\n\n<p>Meditasyonlar<\/p>\n\n\n\n<p>Nefes\/gev\u015feme\/\u0131k\u0131nma bilgileri<\/p>\n\n\n\n<p>M\u00fcdehaleler<\/p>\n\n\n\n<p>ADAB<\/p>\n\n\n\n<p>Zihin Alan\u0131<\/p>\n\n\n\n<p>Efloraj Masaj\u0131<\/p>\n\n\n\n<p>Anda Kalma \u00c7al\u0131\u015fmalar\u0131<\/p>\n\n\n\n<p>Sezaryen Sebepleri<\/p>\n\n\n\n<p>Anne ve Bebek Dostu Sezaryen<\/p>\n\n\n\n<p>A\u011fr\u0131da Kap\u0131 Teorisi<\/p>\n\n\n\n<p>Do\u011fum sonras\u0131 ve lohusal\u0131k bilgileri<\/p>\n\n\n\n<p>Genel ve \u00f6zel sorular<\/p>\n\n\n\n<p>\u200b<\/p>\n\n\n\n<p>DO\u011eUM BA\u015eLADI\u011eINDA:<\/p>\n\n\n\n<p>EVDE&nbsp;&nbsp;&nbsp;<\/p>\n\n\n\n<p>Do\u011fum&nbsp; ba\u015flad\u0131\u011f\u0131nda tercihlere ba\u011fl\u0131 olarak eve veya hastaneye gitmek.<\/p>\n\n\n\n<p>Hastaneye gelme s\u00fcrecine kadar y\u00fcr\u00fcy\u00fc\u015f, yemek, du\u015f, rahatlat\u0131c\u0131 banyo, ila\u00e7 d\u0131\u015f\u0131 tekniklerin uygulanmas\u0131<\/p>\n\n\n\n<p>Aromaterapi&nbsp; kullan\u0131m\u0131 ile dalgalar\u0131n rahat kar\u015f\u0131lanmas\u0131n\u0131 sa\u011flamak<\/p>\n\n\n\n<p>Belirli aral\u0131klarla bebe\u011fin kalp at\u0131\u015f\u0131n\u0131 izlemek ve gerekti\u011finde muayene ederek doktoruna rapor vermek<\/p>\n\n\n\n<p>HASTANEDE<\/p>\n\n\n\n<p>Hastane ortam\u0131nda ev rahatl\u0131\u011f\u0131&nbsp; ve mahremiyetini yaratmak. Sakin, mahrem ve gebenin ihtiyac\u0131na uygun bir oda haline gelmesini sa\u011flamak<\/p>\n\n\n\n<p>Hastane personeli ile tan\u0131\u015fmak ve irtibat halinde olmak<\/p>\n\n\n\n<p>Gereken ve ihtiya\u00e7 duyulan t\u00fcm ila\u00e7 d\u0131\u015f\u0131 teknikleri gebenin ihtiyac\u0131na ve yap\u0131s\u0131na g\u00f6re uygulamak ve bundan doktorunu devaml\u0131 haberdar etmek<\/p>\n\n\n\n<p>Gebenin e\u015fi, ailesi ve doktoruyla aras\u0131nda bazen bir k\u00f6pr\u00fc bazen ileti\u015fim noktas\u0131 olmak. Gebenin yerine d\u00fc\u015f\u00fcn\u00fcp onun m\u00fcmk\u00fcn oldu\u011funca kendine ve bebe\u011fine odaklanmas\u0131n\u0131 sa\u011flamak.<\/p>\n\n\n\n<p>Gerekti\u011finde baba ve ailenin di\u011fer \u00fcyelerini desteklemek<\/p>\n\n\n\n<p>DO\u011eUM SIRASINDA<\/p>\n\n\n\n<p>Do\u011fum esnas\u0131nda bebe\u011fi ilerletirken gebeyi y\u00f6nlendirmek ve desteklemek<\/p>\n\n\n\n<p>Bebekle annenin do\u011fumdan sonra ilk bulu\u015fmas\u0131na yard\u0131mc\u0131 olmak<\/p>\n\n\n\n<p>Do\u011fum \u015fekli ne olursa olsun annenin ihtiyac\u0131na uygun, \u201cmutlu\u2019\u2019bir do\u011fum yapmas\u0131n\u0131 desteklemek<\/p>\n\n\n\n<p>Doktor ve di\u011fer sa\u011fl\u0131k personeline t\u00fcm do\u011fum boyunca ve e\u011fer sezaryen olursa t\u00fcm operasyon boyunca destek olmak ( gebeye deste\u011finin operasyon esnas\u0131nda da devam etmesi)<\/p>\n\n\n\n<p>Farkl\u0131 m\u00fcdahalelere ihtiya\u00e7 duyulmas\u0131 durumunda annenin bu kararlara kat\u0131lmas\u0131n\u0131 sa\u011flamak<\/p>\n\n\n\n<p>Do\u011fum \u015fekli sezaryene d\u00f6nerse anne ve bebe\u011fe sayg\u0131l\u0131 sezaryen olmas\u0131na \u00e7abalamak<\/p>\n\n\n\n<p>Operasyon sonras\u0131 annenin bebekle en k\u0131sa s\u00fcrede bulu\u015fmalar\u0131na rehberlik etmek<\/p>\n\n\n\n<p>\u200b<\/p>\n\n\n\n<p>DO\u011eUM SONRASI<\/p>\n\n\n\n<p>Do\u011fumdan sonra, taburcu olduklar\u0131nda ev ziyareti \u00a0yap\u0131p emzirme, bebek ve lohusal\u0131k bak\u0131m\u0131 ile ilgili bilgileri tazelemek ve gereken deste\u011fi vermek ama\u00e7lan\u0131r.<\/p>\n\n\n\n<hr class=\"wp-block-separator has-text-color has-background is-style-wide\" style=\"background-color:#f6a5b8;color:#f6a5b8\"\/>\n\n\n","protected":false},"excerpt":{"rendered":"<p>\u00d6zel&nbsp; Ebe Deste\u011fi&nbsp; ile; ebelik hizmetinin yan\u0131nda, do\u011fumda anneyi rahatlat\u0131c\u0131 her t\u00fcrl\u00fc ila\u00e7 d\u0131\u015f\u0131 tekniklerle destek alm\u0131\u015f olur. Ebelik hizmetine&nbsp; ek olarak do\u011fum deste\u011fi yani doulal\u0131k hizmeti eklenmi\u015ftir. Do\u011fumda anne ve bebek merkezde olacak \u015fekilde do\u011fum \u00f6ncesi tercihlerinize ula\u015fabilmeniz i\u00e7in<\/p>\n","protected":false},"author":1,"featured_media":600,"parent":0,"menu_order":0,"comment_status":"closed","ping_status":"closed","template":"","meta":{"footnotes":""},"yoast_head":"<!-- This site is optimized with the Yoast SEO plugin v20.1 - https:\/\/yoast.com\/wordpress\/plugins\/seo\/ -->\n<title>Do\u011fumda Ebe Deste\u011fi - Afyon Mutlu Do\u011fum<\/title>\n<meta name=\"robots\" content=\"index, follow, max-snippet:-1, max-image-preview:large, max-video-preview:-1\" \/>\n<link rel=\"canonical\" href=\"https:\/\/afyonmutludogum.com\/index.php\/dogumda-ebe-destegi\/\" \/>\n<meta property=\"og:locale\" content=\"tr_TR\" \/>\n<meta property=\"og:type\" content=\"article\" \/>\n<meta property=\"og:title\" content=\"Do\u011fumda Ebe Deste\u011fi - Afyon Mutlu Do\u011fum\" \/>\n<meta property=\"og:description\" content=\"\u00d6zel&nbsp; Ebe Deste\u011fi&nbsp; ile; ebelik hizmetinin yan\u0131nda, do\u011fumda anneyi rahatlat\u0131c\u0131 her t\u00fcrl\u00fc ila\u00e7 d\u0131\u015f\u0131 tekniklerle destek alm\u0131\u015f olur. Ebelik hizmetine&nbsp; ek olarak do\u011fum deste\u011fi yani doulal\u0131k hizmeti eklenmi\u015ftir. Do\u011fumda anne ve bebek merkezde olacak \u015fekilde do\u011fum \u00f6ncesi tercihlerinize ula\u015fabilmeniz i\u00e7in\" \/>\n<meta property=\"og:url\" content=\"https:\/\/afyonmutludogum.com\/index.php\/dogumda-ebe-destegi\/\" \/>\n<meta property=\"og:site_name\" content=\"Afyon Mutlu Do\u011fum\" \/>\n<meta property=\"article:modified_time\" content=\"2021-06-13T11:59:06+00:00\" \/>\n<meta property=\"og:image\" content=\"https:\/\/afyonmutludogum.com\/wp-content\/uploads\/2021\/05\/WhatsApp-Image-2021-02-01-at-16.47.38.jpeg\" \/>\n\t<meta property=\"og:image:width\" content=\"1600\" \/>\n\t<meta property=\"og:image:height\" content=\"1200\" \/>\n\t<meta property=\"og:image:type\" content=\"image\/jpeg\" \/>\n<meta name=\"twitter:card\" content=\"summary_large_image\" \/>\n<meta name=\"twitter:label1\" content=\"Tahmini okuma s\u00fcresi\" \/>\n\t<meta name=\"twitter:data1\" content=\"4 dakika\" \/>\n<script type=\"application\/ld+json\" class=\"yoast-schema-graph\">{\"@context\":\"https:\/\/schema.org\",\"@graph\":[{\"@type\":\"WebPage\",\"@id\":\"https:\/\/afyonmutludogum.com\/index.php\/dogumda-ebe-destegi\/\",\"url\":\"https:\/\/afyonmutludogum.com\/index.php\/dogumda-ebe-destegi\/\",\"name\":\"Do\u011fumda Ebe Deste\u011fi - Afyon Mutlu Do\u011fum\",\"isPartOf\":{\"@id\":\"https:\/\/afyonmutludogum.com\/#website\"},\"datePublished\":\"2021-05-21T18:57:51+00:00\",\"dateModified\":\"2021-06-13T11:59:06+00:00\",\"breadcrumb\":{\"@id\":\"https:\/\/afyonmutludogum.com\/index.php\/dogumda-ebe-destegi\/#breadcrumb\"},\"inLanguage\":\"tr\",\"potentialAction\":[{\"@type\":\"ReadAction\",\"target\":[\"https:\/\/afyonmutludogum.com\/index.php\/dogumda-ebe-destegi\/\"]}]},{\"@type\":\"BreadcrumbList\",\"@id\":\"https:\/\/afyonmutludogum.com\/index.php\/dogumda-ebe-destegi\/#breadcrumb\",\"itemListElement\":[{\"@type\":\"ListItem\",\"position\":1,\"name\":\"Anasayfa\",\"item\":\"https:\/\/afyonmutludogum.com\/\"},{\"@type\":\"ListItem\",\"position\":2,\"name\":\"Do\u011fumda Ebe Deste\u011fi\"}]},{\"@type\":\"WebSite\",\"@id\":\"https:\/\/afyonmutludogum.com\/#website\",\"url\":\"https:\/\/afyonmutludogum.com\/\",\"name\":\"Afyon Mutlu Do\u011fum\",\"description\":\"Bebe\u011finize Huzurlu Bir Ba\u015flang\u0131\u00e7\",\"publisher\":{\"@id\":\"https:\/\/afyonmutludogum.com\/#\/schema\/person\/77a452a4cac6ef161d43202e37c7354f\"},\"potentialAction\":[{\"@type\":\"SearchAction\",\"target\":{\"@type\":\"EntryPoint\",\"urlTemplate\":\"https:\/\/afyonmutludogum.com\/?s={search_term_string}\"},\"query-input\":\"required name=search_term_string\"}],\"inLanguage\":\"tr\"},{\"@type\":[\"Person\",\"Organization\"],\"@id\":\"https:\/\/afyonmutludogum.com\/#\/schema\/person\/77a452a4cac6ef161d43202e37c7354f\",\"name\":\"S\u0131dd\u0131ka Karc\u0131\",\"image\":{\"@type\":\"ImageObject\",\"inLanguage\":\"tr\",\"@id\":\"https:\/\/afyonmutludogum.com\/#\/schema\/person\/image\/\",\"url\":\"https:\/\/afyonmutludogum.com\/wp-content\/uploads\/2021\/01\/cropped-cropped-Adsiz-tasarim-21.png\",\"contentUrl\":\"https:\/\/afyonmutludogum.com\/wp-content\/uploads\/2021\/01\/cropped-cropped-Adsiz-tasarim-21.png\",\"width\":358,\"height\":173,\"caption\":\"S\u0131dd\u0131ka Karc\u0131\"},\"logo\":{\"@id\":\"https:\/\/afyonmutludogum.com\/#\/schema\/person\/image\/\"},\"sameAs\":[\"https:\/\/afyonmutludogum.com\"]}]}<\/script>\n<!-- \/ Yoast SEO plugin. -->","yoast_head_json":{"title":"Do\u011fumda Ebe Deste\u011fi - Afyon Mutlu Do\u011fum","robots":{"index":"index","follow":"follow","max-snippet":"max-snippet:-1","max-image-preview":"max-image-preview:large","max-video-preview":"max-video-preview:-1"},"canonical":"https:\/\/afyonmutludogum.com\/index.php\/dogumda-ebe-destegi\/","og_locale":"tr_TR","og_type":"article","og_title":"Do\u011fumda Ebe Deste\u011fi - Afyon Mutlu Do\u011fum","og_description":"\u00d6zel&nbsp; Ebe Deste\u011fi&nbsp; ile; ebelik hizmetinin yan\u0131nda, do\u011fumda anneyi rahatlat\u0131c\u0131 her t\u00fcrl\u00fc ila\u00e7 d\u0131\u015f\u0131 tekniklerle destek alm\u0131\u015f olur. Ebelik hizmetine&nbsp; ek olarak do\u011fum deste\u011fi yani doulal\u0131k hizmeti eklenmi\u015ftir. Do\u011fumda anne ve bebek merkezde olacak \u015fekilde do\u011fum \u00f6ncesi tercihlerinize ula\u015fabilmeniz i\u00e7in","og_url":"https:\/\/afyonmutludogum.com\/index.php\/dogumda-ebe-destegi\/","og_site_name":"Afyon Mutlu Do\u011fum","article_modified_time":"2021-06-13T11:59:06+00:00","og_image":[{"width":1600,"height":1200,"url":"https:\/\/afyonmutludogum.com\/wp-content\/uploads\/2021\/05\/WhatsApp-Image-2021-02-01-at-16.47.38.jpeg","type":"image\/jpeg"}],"twitter_card":"summary_large_image","twitter_misc":{"Tahmini okuma s\u00fcresi":"4 dakika"},"schema":{"@context":"https:\/\/schema.org","@graph":[{"@type":"WebPage","@id":"https:\/\/afyonmutludogum.com\/index.php\/dogumda-ebe-destegi\/","url":"https:\/\/afyonmutludogum.com\/index.php\/dogumda-ebe-destegi\/","name":"Do\u011fumda Ebe Deste\u011fi - Afyon Mutlu Do\u011fum","isPartOf":{"@id":"https:\/\/afyonmutludogum.com\/#website"},"datePublished":"2021-05-21T18:57:51+00:00","dateModified":"2021-06-13T11:59:06+00:00","breadcrumb":{"@id":"https:\/\/afyonmutludogum.com\/index.php\/dogumda-ebe-destegi\/#breadcrumb"},"inLanguage":"tr","potentialAction":[{"@type":"ReadAction","target":["https:\/\/afyonmutludogum.com\/index.php\/dogumda-ebe-destegi\/"]}]},{"@type":"BreadcrumbList","@id":"https:\/\/afyonmutludogum.com\/index.php\/dogumda-ebe-destegi\/#breadcrumb","itemListElement":[{"@type":"ListItem","position":1,"name":"Anasayfa","item":"https:\/\/afyonmutludogum.com\/"},{"@type":"ListItem","position":2,"name":"Do\u011fumda Ebe Deste\u011fi"}]},{"@type":"WebSite","@id":"https:\/\/afyonmutludogum.com\/#website","url":"https:\/\/afyonmutludogum.com\/","name":"Afyon Mutlu Do\u011fum","description":"Bebe\u011finize Huzurlu Bir Ba\u015flang\u0131\u00e7","publisher":{"@id":"https:\/\/afyonmutludogum.com\/#\/schema\/person\/77a452a4cac6ef161d43202e37c7354f"},"potentialAction":[{"@type":"SearchAction","target":{"@type":"EntryPoint","urlTemplate":"https:\/\/afyonmutludogum.com\/?s={search_term_string}"},"query-input":"required name=search_term_string"}],"inLanguage":"tr"},{"@type":["Person","Organization"],"@id":"https:\/\/afyonmutludogum.com\/#\/schema\/person\/77a452a4cac6ef161d43202e37c7354f","name":"S\u0131dd\u0131ka Karc\u0131","image":{"@type":"ImageObject","inLanguage":"tr","@id":"https:\/\/afyonmutludogum.com\/#\/schema\/person\/image\/","url":"https:\/\/afyonmutludogum.com\/wp-content\/uploads\/2021\/01\/cropped-cropped-Adsiz-tasarim-21.png","contentUrl":"https:\/\/afyonmutludogum.com\/wp-content\/uploads\/2021\/01\/cropped-cropped-Adsiz-tasarim-21.png","width":358,"height":173,"caption":"S\u0131dd\u0131ka Karc\u0131"},"logo":{"@id":"https:\/\/afyonmutludogum.com\/#\/schema\/person\/image\/"},"sameAs":["https:\/\/afyonmutludogum.com"]}]}},"_links":{"self":[{"href":"https:\/\/afyonmutludogum.com\/index.php\/wp-json\/wp\/v2\/pages\/599"}],"collection":[{"href":"https:\/\/afyonmutludogum.com\/index.php\/wp-json\/wp\/v2\/pages"}],"about":[{"href":"https:\/\/afyonmutludogum.com\/index.php\/wp-json\/wp\/v2\/types\/page"}],"author":[{"embeddable":true,"href":"https:\/\/afyonmutludogum.com\/index.php\/wp-json\/wp\/v2\/users\/1"}],"replies":[{"embeddable":true,"href":"https:\/\/afyonmutludogum.com\/index.php\/wp-json\/wp\/v2\/comments?post=599"}],"version-history":[{"count":4,"href":"https:\/\/afyonmutludogum.com\/index.php\/wp-json\/wp\/v2\/pages\/599\/revisions"}],"predecessor-version":[{"id":649,"href":"https:\/\/afyonmutludogum.com\/index.php\/wp-json\/wp\/v2\/pages\/599\/revisions\/649"}],"wp:featuredmedia":[{"embeddable":true,"href":"https:\/\/afyonmutludogum.com\/index.php\/wp-json\/wp\/v2\/media\/600"}],"wp:attachment":[{"href":"https:\/\/afyonmutludogum.com\/index.php\/wp-json\/wp\/v2\/media?parent=599"}],"curies":[{"name":"wp","href":"https:\/\/api.w.org\/{rel}","templated":true}]}}