{"id":602,"date":"2021-05-21T19:00:10","date_gmt":"2021-05-21T19:00:10","guid":{"rendered":"https:\/\/afyonmutludogum.com\/?page_id=602"},"modified":"2021-06-13T12:00:05","modified_gmt":"2021-06-13T12:00:05","slug":"lohusalikta-ebe-destegi","status":"publish","type":"page","link":"https:\/\/afyonmutludogum.com\/index.php\/lohusalikta-ebe-destegi\/","title":{"rendered":"Lohusal\u0131kta Ebe Deste\u011fi"},"content":{"rendered":"\n<div class=\"wp-block-image is-style-default\"><figure class=\"aligncenter size-large is-resized\"><img loading=\"lazy\" decoding=\"async\" src=\"https:\/\/afyonmutludogum.com\/wp-content\/uploads\/2021\/06\/WhatsApp-Image-2021-05-22-at-13.14.45-2-768x1024.jpeg\" alt=\"\" class=\"wp-image-628\" width=\"576\" height=\"768\" srcset=\"https:\/\/afyonmutludogum.com\/wp-content\/uploads\/2021\/06\/WhatsApp-Image-2021-05-22-at-13.14.45-2-768x1024.jpeg 768w, https:\/\/afyonmutludogum.com\/wp-content\/uploads\/2021\/06\/WhatsApp-Image-2021-05-22-at-13.14.45-2-225x300.jpeg 225w, https:\/\/afyonmutludogum.com\/wp-content\/uploads\/2021\/06\/WhatsApp-Image-2021-05-22-at-13.14.45-2-1152x1536.jpeg 1152w, https:\/\/afyonmutludogum.com\/wp-content\/uploads\/2021\/06\/WhatsApp-Image-2021-05-22-at-13.14.45-2.jpeg 1200w\" sizes=\"(max-width: 576px) 100vw, 576px\" \/><\/figure><\/div>\n\n\n\n<p>Lohusal\u0131k; do\u011fumdan sonra annenin v\u00fccudunda gebelikte meydana gelen de\u011fi\u015fikliklerin do\u011fum \u00f6ncesi haline geri d\u00f6nmesi s\u00fcrecine verilen isimdir. Postpartum d\u00f6nem veya puerperiyum d\u00f6nemi olarak da ifade edilen bu d\u00f6nemde, genellikle bu s\u00fcrecin 6 haftada b\u00fcy\u00fck \u00f6l\u00e7\u00fcde tamamland\u0131\u011f\u0131 d\u00fc\u015f\u00fcn\u00fcl\u00fcr. Oysaki bu d\u00f6nemde sadece anne v\u00fccudu de\u011fil, anne psikolojisi, bebe\u011fin bu d\u00fcnyaya al\u0131\u015fmas\u0131, e\u015flerin sadece e\u015f de\u011fil, anne ve baba oldu\u011fu ve yeni bir d\u00fczene al\u0131\u015fmaya \u00e7al\u0131\u015ft\u0131\u011f\u0131 ve&nbsp; ebeveynli\u011fe ge\u00e7i\u015f d\u00f6nemidir.<\/p>\n\n\n\n<p>B\u00f6yle bak\u0131ld\u0131\u011f\u0131nda pek \u00e7ok yeni durumu ve de\u011fi\u015fikli\u011fi i\u00e7eren bu d\u00f6nem nas\u0131l daha kolay ge\u00e7ebilir?<\/p>\n\n\n\n<p>Zorlan\u0131lan konular varsa nas\u0131l yard\u0131m al\u0131nabilir?<\/p>\n\n\n\n<p>Yeni bir bebekle yepyeni bir hayata h\u0131zl\u0131ca nas\u0131l adapte olunabilir?<\/p>\n\n\n\n<p>Bu d\u00f6nem, do\u011fum kadar \u00f6nem verilmesi gerekilen en \u00f6nemli d\u00f6nemlerden biridir ve \u00f6n haz\u0131rl\u0131k sizleri rahatlacakt\u0131r. Bazen de beklenmeyen ve haz\u0131rlan\u0131lamayan durumlar olabilir. Bu noktalarda mutlaka destek al\u0131nmas\u0131, s\u00fcreci hem kolayla\u015ft\u0131racak hem de aile bireylerine nefes ald\u0131racakt\u0131r. Lohusal\u0131k d\u00f6neminde hem bebe\u011finizin hemde &nbsp;bedeninizde olu\u015fan de\u011fi\u015fiklikler ve en kolay adaptasyon y\u00f6ntemleri i\u00e7in lohusa deste\u011fi i\u00e7in sizi evinizde ziyaret ediyoruz. Size bebe\u011finizin bak\u0131mlar\u0131 hakk\u0131nda destek verirken varsa sorunlar\u0131n\u0131z\u0131n gelece\u011fe ta\u015f\u0131narak b\u00fcy\u00fcmemesine destek oluyorum.<\/p>\n\n\n\n<p>Psikolojik desteklerimiz :<\/p>\n\n\n\n<p>* anne ve bebe\u011fin do\u011fum hikayesinin payla\u015f\u0131lmas\u0131<\/p>\n\n\n\n<p>* anne ve bebek aras\u0131ndaki g\u00fcvenli ba\u011flanman\u0131n g\u00f6zlemlenmesi \/ sa\u011flanmas\u0131&nbsp;<\/p>\n\n\n\n<p>* anne ve babaya ebeveyn olmak ile ilgili dan\u0131\u015fmanl\u0131k verilmesi&nbsp;&nbsp;&nbsp;&nbsp;&nbsp;&nbsp;&nbsp;&nbsp;&nbsp;&nbsp;&nbsp;&nbsp;&nbsp;&nbsp;&nbsp;&nbsp;&nbsp;&nbsp;&nbsp;&nbsp;&nbsp;&nbsp;&nbsp;<\/p>\n\n\n\n<p>Fizyolojik desteklerimiz :<\/p>\n\n\n\n<p>\u2022Evde emzirme y\u00f6ntemlerinin ve pozisyonlar\u0131n anlat\u0131lmas\u0131<\/p>\n\n\n\n<p>\u2022Annenin ihtiya\u00e7 duydu\u011fu emzirme sorunlar\u0131 hakk\u0131nda birebir destek olma<\/p>\n\n\n\n<p>\u2022Emzirme sonras\u0131 uygulanabilecek gaz masajlar\u0131<\/p>\n\n\n\n<p>\u2022Emziren annedeki meme bak\u0131m\u0131 ve olu\u015fabilecek sorunlar hakk\u0131nda bilgi verilmesi<\/p>\n\n\n\n<p>\u2022Bebek bak\u0131m\u0131 hakk\u0131nda destek : banyo, alt de\u011fi\u015ftirme, t\u0131rnak kesme vs.<\/p>\n\n\n\n<p>\u2022Bebek masaj\u0131<\/p>\n\n\n\n<hr class=\"wp-block-separator has-text-color has-background is-style-wide\" style=\"background-color:#f6a5b8;color:#f6a5b8\"\/>\n\n\n","protected":false},"excerpt":{"rendered":"<p>Lohusal\u0131k; do\u011fumdan sonra annenin v\u00fccudunda gebelikte meydana gelen de\u011fi\u015fikliklerin do\u011fum \u00f6ncesi haline geri d\u00f6nmesi s\u00fcrecine verilen isimdir. Postpartum d\u00f6nem veya puerperiyum d\u00f6nemi olarak da ifade edilen bu d\u00f6nemde, genellikle bu s\u00fcrecin 6 haftada b\u00fcy\u00fck \u00f6l\u00e7\u00fcde tamamland\u0131\u011f\u0131 d\u00fc\u015f\u00fcn\u00fcl\u00fcr. Oysaki bu d\u00f6nemde<\/p>\n","protected":false},"author":1,"featured_media":603,"parent":0,"menu_order":0,"comment_status":"closed","ping_status":"closed","template":"","meta":{"footnotes":""},"yoast_head":"<!-- This site is optimized with the Yoast SEO plugin v20.1 - https:\/\/yoast.com\/wordpress\/plugins\/seo\/ -->\n<title>Lohusal\u0131kta Ebe Deste\u011fi - Afyon Mutlu Do\u011fum<\/title>\n<meta name=\"robots\" content=\"index, follow, max-snippet:-1, max-image-preview:large, max-video-preview:-1\" \/>\n<link rel=\"canonical\" href=\"https:\/\/afyonmutludogum.com\/index.php\/lohusalikta-ebe-destegi\/\" \/>\n<meta property=\"og:locale\" content=\"tr_TR\" \/>\n<meta property=\"og:type\" content=\"article\" \/>\n<meta property=\"og:title\" content=\"Lohusal\u0131kta Ebe Deste\u011fi - Afyon Mutlu Do\u011fum\" \/>\n<meta property=\"og:description\" content=\"Lohusal\u0131k; do\u011fumdan sonra annenin v\u00fccudunda gebelikte meydana gelen de\u011fi\u015fikliklerin do\u011fum \u00f6ncesi haline geri d\u00f6nmesi s\u00fcrecine verilen isimdir. Postpartum d\u00f6nem veya puerperiyum d\u00f6nemi olarak da ifade edilen bu d\u00f6nemde, genellikle bu s\u00fcrecin 6 haftada b\u00fcy\u00fck \u00f6l\u00e7\u00fcde tamamland\u0131\u011f\u0131 d\u00fc\u015f\u00fcn\u00fcl\u00fcr. Oysaki bu d\u00f6nemde\" \/>\n<meta property=\"og:url\" content=\"https:\/\/afyonmutludogum.com\/index.php\/lohusalikta-ebe-destegi\/\" \/>\n<meta property=\"og:site_name\" content=\"Afyon Mutlu Do\u011fum\" \/>\n<meta property=\"article:modified_time\" content=\"2021-06-13T12:00:05+00:00\" \/>\n<meta property=\"og:image\" content=\"https:\/\/afyonmutludogum.com\/wp-content\/uploads\/2021\/05\/WhatsApp-Image-2021-02-01-at-16.54.00.jpeg\" \/>\n\t<meta property=\"og:image:width\" content=\"390\" \/>\n\t<meta property=\"og:image:height\" content=\"390\" \/>\n\t<meta property=\"og:image:type\" content=\"image\/jpeg\" \/>\n<meta name=\"twitter:card\" content=\"summary_large_image\" \/>\n<meta name=\"twitter:label1\" content=\"Tahmini okuma s\u00fcresi\" \/>\n\t<meta name=\"twitter:data1\" content=\"2 dakika\" \/>\n<script type=\"application\/ld+json\" class=\"yoast-schema-graph\">{\"@context\":\"https:\/\/schema.org\",\"@graph\":[{\"@type\":\"WebPage\",\"@id\":\"https:\/\/afyonmutludogum.com\/index.php\/lohusalikta-ebe-destegi\/\",\"url\":\"https:\/\/afyonmutludogum.com\/index.php\/lohusalikta-ebe-destegi\/\",\"name\":\"Lohusal\u0131kta Ebe Deste\u011fi - Afyon Mutlu Do\u011fum\",\"isPartOf\":{\"@id\":\"https:\/\/afyonmutludogum.com\/#website\"},\"datePublished\":\"2021-05-21T19:00:10+00:00\",\"dateModified\":\"2021-06-13T12:00:05+00:00\",\"breadcrumb\":{\"@id\":\"https:\/\/afyonmutludogum.com\/index.php\/lohusalikta-ebe-destegi\/#breadcrumb\"},\"inLanguage\":\"tr\",\"potentialAction\":[{\"@type\":\"ReadAction\",\"target\":[\"https:\/\/afyonmutludogum.com\/index.php\/lohusalikta-ebe-destegi\/\"]}]},{\"@type\":\"BreadcrumbList\",\"@id\":\"https:\/\/afyonmutludogum.com\/index.php\/lohusalikta-ebe-destegi\/#breadcrumb\",\"itemListElement\":[{\"@type\":\"ListItem\",\"position\":1,\"name\":\"Anasayfa\",\"item\":\"https:\/\/afyonmutludogum.com\/\"},{\"@type\":\"ListItem\",\"position\":2,\"name\":\"Lohusal\u0131kta Ebe Deste\u011fi\"}]},{\"@type\":\"WebSite\",\"@id\":\"https:\/\/afyonmutludogum.com\/#website\",\"url\":\"https:\/\/afyonmutludogum.com\/\",\"name\":\"Afyon Mutlu Do\u011fum\",\"description\":\"Bebe\u011finize Huzurlu Bir Ba\u015flang\u0131\u00e7\",\"publisher\":{\"@id\":\"https:\/\/afyonmutludogum.com\/#\/schema\/person\/77a452a4cac6ef161d43202e37c7354f\"},\"potentialAction\":[{\"@type\":\"SearchAction\",\"target\":{\"@type\":\"EntryPoint\",\"urlTemplate\":\"https:\/\/afyonmutludogum.com\/?s={search_term_string}\"},\"query-input\":\"required name=search_term_string\"}],\"inLanguage\":\"tr\"},{\"@type\":[\"Person\",\"Organization\"],\"@id\":\"https:\/\/afyonmutludogum.com\/#\/schema\/person\/77a452a4cac6ef161d43202e37c7354f\",\"name\":\"S\u0131dd\u0131ka Karc\u0131\",\"image\":{\"@type\":\"ImageObject\",\"inLanguage\":\"tr\",\"@id\":\"https:\/\/afyonmutludogum.com\/#\/schema\/person\/image\/\",\"url\":\"https:\/\/afyonmutludogum.com\/wp-content\/uploads\/2021\/01\/cropped-cropped-Adsiz-tasarim-21.png\",\"contentUrl\":\"https:\/\/afyonmutludogum.com\/wp-content\/uploads\/2021\/01\/cropped-cropped-Adsiz-tasarim-21.png\",\"width\":358,\"height\":173,\"caption\":\"S\u0131dd\u0131ka Karc\u0131\"},\"logo\":{\"@id\":\"https:\/\/afyonmutludogum.com\/#\/schema\/person\/image\/\"},\"sameAs\":[\"https:\/\/afyonmutludogum.com\"]}]}<\/script>\n<!-- \/ Yoast SEO plugin. -->","yoast_head_json":{"title":"Lohusal\u0131kta Ebe Deste\u011fi - Afyon Mutlu Do\u011fum","robots":{"index":"index","follow":"follow","max-snippet":"max-snippet:-1","max-image-preview":"max-image-preview:large","max-video-preview":"max-video-preview:-1"},"canonical":"https:\/\/afyonmutludogum.com\/index.php\/lohusalikta-ebe-destegi\/","og_locale":"tr_TR","og_type":"article","og_title":"Lohusal\u0131kta Ebe Deste\u011fi - Afyon Mutlu Do\u011fum","og_description":"Lohusal\u0131k; do\u011fumdan sonra annenin v\u00fccudunda gebelikte meydana gelen de\u011fi\u015fikliklerin do\u011fum \u00f6ncesi haline geri d\u00f6nmesi s\u00fcrecine verilen isimdir. Postpartum d\u00f6nem veya puerperiyum d\u00f6nemi olarak da ifade edilen bu d\u00f6nemde, genellikle bu s\u00fcrecin 6 haftada b\u00fcy\u00fck \u00f6l\u00e7\u00fcde tamamland\u0131\u011f\u0131 d\u00fc\u015f\u00fcn\u00fcl\u00fcr. Oysaki bu d\u00f6nemde","og_url":"https:\/\/afyonmutludogum.com\/index.php\/lohusalikta-ebe-destegi\/","og_site_name":"Afyon Mutlu Do\u011fum","article_modified_time":"2021-06-13T12:00:05+00:00","og_image":[{"width":390,"height":390,"url":"https:\/\/afyonmutludogum.com\/wp-content\/uploads\/2021\/05\/WhatsApp-Image-2021-02-01-at-16.54.00.jpeg","type":"image\/jpeg"}],"twitter_card":"summary_large_image","twitter_misc":{"Tahmini okuma s\u00fcresi":"2 dakika"},"schema":{"@context":"https:\/\/schema.org","@graph":[{"@type":"WebPage","@id":"https:\/\/afyonmutludogum.com\/index.php\/lohusalikta-ebe-destegi\/","url":"https:\/\/afyonmutludogum.com\/index.php\/lohusalikta-ebe-destegi\/","name":"Lohusal\u0131kta Ebe Deste\u011fi - Afyon Mutlu Do\u011fum","isPartOf":{"@id":"https:\/\/afyonmutludogum.com\/#website"},"datePublished":"2021-05-21T19:00:10+00:00","dateModified":"2021-06-13T12:00:05+00:00","breadcrumb":{"@id":"https:\/\/afyonmutludogum.com\/index.php\/lohusalikta-ebe-destegi\/#breadcrumb"},"inLanguage":"tr","potentialAction":[{"@type":"ReadAction","target":["https:\/\/afyonmutludogum.com\/index.php\/lohusalikta-ebe-destegi\/"]}]},{"@type":"BreadcrumbList","@id":"https:\/\/afyonmutludogum.com\/index.php\/lohusalikta-ebe-destegi\/#breadcrumb","itemListElement":[{"@type":"ListItem","position":1,"name":"Anasayfa","item":"https:\/\/afyonmutludogum.com\/"},{"@type":"ListItem","position":2,"name":"Lohusal\u0131kta Ebe Deste\u011fi"}]},{"@type":"WebSite","@id":"https:\/\/afyonmutludogum.com\/#website","url":"https:\/\/afyonmutludogum.com\/","name":"Afyon Mutlu Do\u011fum","description":"Bebe\u011finize Huzurlu Bir Ba\u015flang\u0131\u00e7","publisher":{"@id":"https:\/\/afyonmutludogum.com\/#\/schema\/person\/77a452a4cac6ef161d43202e37c7354f"},"potentialAction":[{"@type":"SearchAction","target":{"@type":"EntryPoint","urlTemplate":"https:\/\/afyonmutludogum.com\/?s={search_term_string}"},"query-input":"required name=search_term_string"}],"inLanguage":"tr"},{"@type":["Person","Organization"],"@id":"https:\/\/afyonmutludogum.com\/#\/schema\/person\/77a452a4cac6ef161d43202e37c7354f","name":"S\u0131dd\u0131ka Karc\u0131","image":{"@type":"ImageObject","inLanguage":"tr","@id":"https:\/\/afyonmutludogum.com\/#\/schema\/person\/image\/","url":"https:\/\/afyonmutludogum.com\/wp-content\/uploads\/2021\/01\/cropped-cropped-Adsiz-tasarim-21.png","contentUrl":"https:\/\/afyonmutludogum.com\/wp-content\/uploads\/2021\/01\/cropped-cropped-Adsiz-tasarim-21.png","width":358,"height":173,"caption":"S\u0131dd\u0131ka Karc\u0131"},"logo":{"@id":"https:\/\/afyonmutludogum.com\/#\/schema\/person\/image\/"},"sameAs":["https:\/\/afyonmutludogum.com"]}]}},"_links":{"self":[{"href":"https:\/\/afyonmutludogum.com\/index.php\/wp-json\/wp\/v2\/pages\/602"}],"collection":[{"href":"https:\/\/afyonmutludogum.com\/index.php\/wp-json\/wp\/v2\/pages"}],"about":[{"href":"https:\/\/afyonmutludogum.com\/index.php\/wp-json\/wp\/v2\/types\/page"}],"author":[{"embeddable":true,"href":"https:\/\/afyonmutludogum.com\/index.php\/wp-json\/wp\/v2\/users\/1"}],"replies":[{"embeddable":true,"href":"https:\/\/afyonmutludogum.com\/index.php\/wp-json\/wp\/v2\/comments?post=602"}],"version-history":[{"count":3,"href":"https:\/\/afyonmutludogum.com\/index.php\/wp-json\/wp\/v2\/pages\/602\/revisions"}],"predecessor-version":[{"id":650,"href":"https:\/\/afyonmutludogum.com\/index.php\/wp-json\/wp\/v2\/pages\/602\/revisions\/650"}],"wp:featuredmedia":[{"embeddable":true,"href":"https:\/\/afyonmutludogum.com\/index.php\/wp-json\/wp\/v2\/media\/603"}],"wp:attachment":[{"href":"https:\/\/afyonmutludogum.com\/index.php\/wp-json\/wp\/v2\/media?parent=602"}],"curies":[{"name":"wp","href":"https:\/\/api.w.org\/{rel}","templated":true}]}}