{"id":605,"date":"2021-05-21T19:03:36","date_gmt":"2021-05-21T19:03:36","guid":{"rendered":"https:\/\/afyonmutludogum.com\/?page_id=605"},"modified":"2021-06-13T12:00:55","modified_gmt":"2021-06-13T12:00:55","slug":"egitimler","status":"publish","type":"page","link":"https:\/\/afyonmutludogum.com\/index.php\/egitimler\/","title":{"rendered":"E\u011fitimler"},"content":{"rendered":"\n<div class=\"wp-block-image\"><figure class=\"aligncenter size-large is-resized\"><img loading=\"lazy\" decoding=\"async\" src=\"https:\/\/afyonmutludogum.com\/wp-content\/uploads\/2021\/06\/WhatsApp-Image-2021-02-01-at-16.57.19-1024x768.jpeg\" alt=\"\" class=\"wp-image-632\" width=\"768\" height=\"576\" srcset=\"https:\/\/afyonmutludogum.com\/wp-content\/uploads\/2021\/06\/WhatsApp-Image-2021-02-01-at-16.57.19-1024x768.jpeg 1024w, https:\/\/afyonmutludogum.com\/wp-content\/uploads\/2021\/06\/WhatsApp-Image-2021-02-01-at-16.57.19-300x225.jpeg 300w, https:\/\/afyonmutludogum.com\/wp-content\/uploads\/2021\/06\/WhatsApp-Image-2021-02-01-at-16.57.19-768x576.jpeg 768w, https:\/\/afyonmutludogum.com\/wp-content\/uploads\/2021\/06\/WhatsApp-Image-2021-02-01-at-16.57.19-1536x1152.jpeg 1536w, https:\/\/afyonmutludogum.com\/wp-content\/uploads\/2021\/06\/WhatsApp-Image-2021-02-01-at-16.57.19.jpeg 1600w\" sizes=\"(max-width: 768px) 100vw, 768px\" \/><\/figure><\/div>\n\n\n\n<h2 class=\"wp-block-heading\">DO\u011eUMA HAZIRLIK &nbsp;E\u011e\u0130T\u0130M\u0130 <\/h2>\n\n\n\n<p>Do\u011fal do\u011fum yolunda uluslararas\u0131 standartlarda haz\u0131rlanm\u0131\u015f, kan\u0131ta dayal\u0131 t\u0131p bilgileri i\u00e7eren &nbsp;do\u011fuma haz\u0131rl\u0131k ve destek program\u0131d\u0131r.<\/p>\n\n\n\n<h3 class=\"wp-block-heading\">HEDEF<\/h3>\n\n\n\n<p>Ailelerin do\u011fuma korku ve tedirginlik yerine, bilin\u00e7, huzur ve co\u015fku ile haz\u0131rlanmas\u0131d\u0131r. Do\u011fum \u015fekli ne olursa olsun hedef sa\u011fl\u0131kl\u0131, g\u00fcvenli ve pozitif bir yakla\u015f\u0131mla kavu\u015fmaya yard\u0131mc\u0131 olmakt\u0131r.<\/p>\n\n\n\n<p>Ara\u015ft\u0131rmalarda kararlara aktif kat\u0131lan ailelerde m\u00fcdahalelerin azald\u0131\u011f\u0131 ve do\u011fumdan daha memnun ayr\u0131ld\u0131klar\u0131 g\u00f6r\u00fclm\u00fc\u015f, buna istinaden&nbsp; yarg\u0131s\u0131z, yorumsuz,&nbsp; fark\u0131ndal\u0131k olu\u015fturmakt\u0131r<\/p>\n\n\n\n<h2 class=\"wp-block-heading\">KURSTA NELER VAR?<\/h2>\n\n\n\n<p>Do\u011fum \u00f6ncesi bulgular<\/p>\n\n\n\n<p>Do\u011fum nedir? Bebekler nas\u0131l do\u011farlar?<\/p>\n\n\n\n<p>Do\u011fumun hormonlar\u0131 nelerdir? Hormonlar\u0131n en uygun \u015fartlarda sal\u0131n\u0131m\u0131 i\u00e7in bedenime ve bebe\u011fime nas\u0131l destek olabilirim?<\/p>\n\n\n\n<p>Do\u011fum fizyolojisine sayg\u0131 &#8211; Bebekler do\u011fumda ne isterler?<\/p>\n\n\n\n<p>Do\u011fumun a\u015famalar\u0131. Hangi a\u015famada ne hissedeceksiniz? Neye ihtiyac\u0131n\u0131z olacak?<\/p>\n\n\n\n<p>Do\u011fumdan hemen sonra bebeklerin ihtiya\u00e7lar\u0131 nelerdir? Nas\u0131l yard\u0131mc\u0131 olabiliriz? (Kordon kesme zaman\u0131, Ten Tene Temas, ilk m\u00fcdahaleler vs)<\/p>\n\n\n\n<p>Do\u011fumda korkunun etkileri neler? Korku do\u011fumu nas\u0131l durduruyor?<\/p>\n\n\n\n<p>Ne zaman hastaneye gidelim? Do\u011fum kas\u0131lmalar\u0131n\u0131 nas\u0131l anlar\u0131m?<\/p>\n\n\n\n<p>Nefes teknikleri<\/p>\n\n\n\n<p>Gev\u015femeler<\/p>\n\n\n\n<p>Beden ve bebe\u011fin m\u00fckemmel uyumu<\/p>\n\n\n\n<p>\u0130deal do\u011fum ortamlar\u0131<\/p>\n\n\n\n<p>Do\u011fumda m\u00fcdahaleler? Herkese rutin yapmak gerekli mi? M\u00fcdahaleler ne zaman yap\u0131lmal\u0131? Bunu doktorumuzla nas\u0131l konu\u015fabiliriz?<\/p>\n\n\n\n<p>Sezaryen sebepleri? Anne-Bebek-Baba dostu sezaryen uygulamalar\u0131<\/p>\n\n\n\n<p>&nbsp;\u0130la\u00e7 d\u0131\u015f\u0131 rahatlat\u0131c\u0131 teknikler<\/p>\n\n\n\n<p>Efloraj &nbsp;masaj\u0131<\/p>\n\n\n\n<p>Doktorla konu\u015fma canland\u0131rmas\u0131<\/p>\n\n\n\n<p>Kan\u0131ta dayal\u0131 uygulamalar nelerdir?<\/p>\n\n\n\n<p>\u00c7at\u0131 darl\u0131\u011f\u0131 diye bir \u015fey var m\u0131?<\/p>\n\n\n\n<p>Do\u011fumla ilgili merak edilen her konuya a\u00e7\u0131kl\u0131k getirme<\/p>\n\n\n\n<p>\u0130sterseniz y\u00fcz y\u00fcze isterseniz online zoom \u00fczerinden bu hizmetten faydalanabilirsiniz.<\/p>\n\n\n\n<p><\/p>\n\n\n\n<h3 class=\"wp-block-heading\">Emzirme E\u011ftimleri<\/h3>\n\n\n\n<p>Emzirme fizyolojisi<\/p>\n\n\n\n<p>Do\u011fum \u00f6ncesi meme haz\u0131rl\u0131\u011f\u0131<\/p>\n\n\n\n<p>Anne s\u00fct\u00fcn\u00fcn \u00f6zellikleri<\/p>\n\n\n\n<p>Emzirmenin anne ve bebek i\u00e7in faydalar\u0131<\/p>\n\n\n\n<p>Bebe\u011fin ac\u0131kma belirtileri nelerdir?<\/p>\n\n\n\n<p>Bebek ne s\u0131kl\u0131kla emzirilmeli?<\/p>\n\n\n\n<p>Bebek nas\u0131l uyand\u0131r\u0131l\u0131r?<\/p>\n\n\n\n<p>Emzirme pozisyonlar\u0131<\/p>\n\n\n\n<p>Bebe\u011fin memeyi do\u011fru tutmas\u0131<\/p>\n\n\n\n<p>Bebek memeden nas\u0131l ayr\u0131l\u0131r<\/p>\n\n\n\n<p>Emzirme \u00f6ncesi ve sonras\u0131 dikkat edilmesi gerekenler<\/p>\n\n\n\n<p>Bebe\u011fin yeterince beslendi\u011fini nas\u0131l anlar\u0131m<\/p>\n\n\n\n<p>S\u00fct sa\u011fma ve saklama ko\u015fullar\u0131<\/p>\n\n\n\n<p>Emziren annenin beslenmesi nas\u0131l olmal\u0131<\/p>\n\n\n\n<p>Meme ucu yaralar\u0131 i\u00e7in \u00e7\u00f6z\u00fcmler<\/p>\n\n\n\n<p>Mastit i\u00e7in \u00e7\u00f6z\u00fcmler<\/p>\n\n\n\n<h3 class=\"wp-block-heading\">EMZ\u0130RME VE BEBEK BAKIMI<\/h3>\n\n\n\n<p>Bu e\u011fitim s\u0131ras\u0131nda; bebek bak\u0131m\u0131, do\u011fru emzirme teknikleri, bebek y\u0131kama, emzirme problemleri, meme ucu \u00e7atlaklar\u0131n\u0131 \u00f6nlemek, do\u011fum sonras\u0131 anne bak\u0131m\u0131, do\u011fum sonras\u0131 g\u00fcnl\u00fck hayata ge\u00e7i\u015f<\/p>\n\n\n\n<hr class=\"wp-block-separator has-text-color has-background is-style-wide\" style=\"background-color:#f6a5b8;color:#f6a5b8\"\/>\n\n\n","protected":false},"excerpt":{"rendered":"<p>DO\u011eUMA HAZIRLIK &nbsp;E\u011e\u0130T\u0130M\u0130 Do\u011fal do\u011fum yolunda uluslararas\u0131 standartlarda haz\u0131rlanm\u0131\u015f, kan\u0131ta dayal\u0131 t\u0131p bilgileri i\u00e7eren &nbsp;do\u011fuma haz\u0131rl\u0131k ve destek program\u0131d\u0131r. HEDEF Ailelerin do\u011fuma korku ve tedirginlik yerine, bilin\u00e7, huzur ve co\u015fku ile haz\u0131rlanmas\u0131d\u0131r. Do\u011fum \u015fekli ne olursa olsun hedef sa\u011fl\u0131kl\u0131, g\u00fcvenli<\/p>\n","protected":false},"author":1,"featured_media":606,"parent":0,"menu_order":0,"comment_status":"closed","ping_status":"closed","template":"","meta":{"footnotes":""},"yoast_head":"<!-- This site is optimized with the Yoast SEO plugin v20.1 - https:\/\/yoast.com\/wordpress\/plugins\/seo\/ -->\n<title>E\u011fitimler - Afyon Mutlu Do\u011fum<\/title>\n<meta name=\"robots\" content=\"index, follow, max-snippet:-1, max-image-preview:large, max-video-preview:-1\" \/>\n<link rel=\"canonical\" href=\"https:\/\/afyonmutludogum.com\/index.php\/egitimler\/\" \/>\n<meta property=\"og:locale\" content=\"tr_TR\" \/>\n<meta property=\"og:type\" content=\"article\" \/>\n<meta property=\"og:title\" content=\"E\u011fitimler - Afyon Mutlu Do\u011fum\" \/>\n<meta property=\"og:description\" content=\"DO\u011eUMA HAZIRLIK &nbsp;E\u011e\u0130T\u0130M\u0130 Do\u011fal do\u011fum yolunda uluslararas\u0131 standartlarda haz\u0131rlanm\u0131\u015f, kan\u0131ta dayal\u0131 t\u0131p bilgileri i\u00e7eren &nbsp;do\u011fuma haz\u0131rl\u0131k ve destek program\u0131d\u0131r. HEDEF Ailelerin do\u011fuma korku ve tedirginlik yerine, bilin\u00e7, huzur ve co\u015fku ile haz\u0131rlanmas\u0131d\u0131r. Do\u011fum \u015fekli ne olursa olsun hedef sa\u011fl\u0131kl\u0131, g\u00fcvenli\" \/>\n<meta property=\"og:url\" content=\"https:\/\/afyonmutludogum.com\/index.php\/egitimler\/\" \/>\n<meta property=\"og:site_name\" content=\"Afyon Mutlu Do\u011fum\" \/>\n<meta property=\"article:modified_time\" content=\"2021-06-13T12:00:55+00:00\" \/>\n<meta property=\"og:image\" content=\"https:\/\/afyonmutludogum.com\/wp-content\/uploads\/2021\/05\/WhatsApp-Image-2021-02-01-at-16.57.19.jpeg\" \/>\n\t<meta property=\"og:image:width\" content=\"1600\" \/>\n\t<meta property=\"og:image:height\" content=\"1200\" \/>\n\t<meta property=\"og:image:type\" content=\"image\/jpeg\" \/>\n<meta name=\"twitter:card\" content=\"summary_large_image\" \/>\n<meta name=\"twitter:label1\" content=\"Tahmini okuma s\u00fcresi\" \/>\n\t<meta name=\"twitter:data1\" content=\"2 dakika\" \/>\n<script type=\"application\/ld+json\" class=\"yoast-schema-graph\">{\"@context\":\"https:\/\/schema.org\",\"@graph\":[{\"@type\":\"WebPage\",\"@id\":\"https:\/\/afyonmutludogum.com\/index.php\/egitimler\/\",\"url\":\"https:\/\/afyonmutludogum.com\/index.php\/egitimler\/\",\"name\":\"E\u011fitimler - Afyon Mutlu Do\u011fum\",\"isPartOf\":{\"@id\":\"https:\/\/afyonmutludogum.com\/#website\"},\"datePublished\":\"2021-05-21T19:03:36+00:00\",\"dateModified\":\"2021-06-13T12:00:55+00:00\",\"breadcrumb\":{\"@id\":\"https:\/\/afyonmutludogum.com\/index.php\/egitimler\/#breadcrumb\"},\"inLanguage\":\"tr\",\"potentialAction\":[{\"@type\":\"ReadAction\",\"target\":[\"https:\/\/afyonmutludogum.com\/index.php\/egitimler\/\"]}]},{\"@type\":\"BreadcrumbList\",\"@id\":\"https:\/\/afyonmutludogum.com\/index.php\/egitimler\/#breadcrumb\",\"itemListElement\":[{\"@type\":\"ListItem\",\"position\":1,\"name\":\"Anasayfa\",\"item\":\"https:\/\/afyonmutludogum.com\/\"},{\"@type\":\"ListItem\",\"position\":2,\"name\":\"E\u011fitimler\"}]},{\"@type\":\"WebSite\",\"@id\":\"https:\/\/afyonmutludogum.com\/#website\",\"url\":\"https:\/\/afyonmutludogum.com\/\",\"name\":\"Afyon Mutlu Do\u011fum\",\"description\":\"Bebe\u011finize Huzurlu Bir Ba\u015flang\u0131\u00e7\",\"publisher\":{\"@id\":\"https:\/\/afyonmutludogum.com\/#\/schema\/person\/77a452a4cac6ef161d43202e37c7354f\"},\"potentialAction\":[{\"@type\":\"SearchAction\",\"target\":{\"@type\":\"EntryPoint\",\"urlTemplate\":\"https:\/\/afyonmutludogum.com\/?s={search_term_string}\"},\"query-input\":\"required name=search_term_string\"}],\"inLanguage\":\"tr\"},{\"@type\":[\"Person\",\"Organization\"],\"@id\":\"https:\/\/afyonmutludogum.com\/#\/schema\/person\/77a452a4cac6ef161d43202e37c7354f\",\"name\":\"S\u0131dd\u0131ka Karc\u0131\",\"image\":{\"@type\":\"ImageObject\",\"inLanguage\":\"tr\",\"@id\":\"https:\/\/afyonmutludogum.com\/#\/schema\/person\/image\/\",\"url\":\"https:\/\/afyonmutludogum.com\/wp-content\/uploads\/2021\/01\/cropped-cropped-Adsiz-tasarim-21.png\",\"contentUrl\":\"https:\/\/afyonmutludogum.com\/wp-content\/uploads\/2021\/01\/cropped-cropped-Adsiz-tasarim-21.png\",\"width\":358,\"height\":173,\"caption\":\"S\u0131dd\u0131ka Karc\u0131\"},\"logo\":{\"@id\":\"https:\/\/afyonmutludogum.com\/#\/schema\/person\/image\/\"},\"sameAs\":[\"https:\/\/afyonmutludogum.com\"]}]}<\/script>\n<!-- \/ Yoast SEO plugin. -->","yoast_head_json":{"title":"E\u011fitimler - Afyon Mutlu Do\u011fum","robots":{"index":"index","follow":"follow","max-snippet":"max-snippet:-1","max-image-preview":"max-image-preview:large","max-video-preview":"max-video-preview:-1"},"canonical":"https:\/\/afyonmutludogum.com\/index.php\/egitimler\/","og_locale":"tr_TR","og_type":"article","og_title":"E\u011fitimler - Afyon Mutlu Do\u011fum","og_description":"DO\u011eUMA HAZIRLIK &nbsp;E\u011e\u0130T\u0130M\u0130 Do\u011fal do\u011fum yolunda uluslararas\u0131 standartlarda haz\u0131rlanm\u0131\u015f, kan\u0131ta dayal\u0131 t\u0131p bilgileri i\u00e7eren &nbsp;do\u011fuma haz\u0131rl\u0131k ve destek program\u0131d\u0131r. HEDEF Ailelerin do\u011fuma korku ve tedirginlik yerine, bilin\u00e7, huzur ve co\u015fku ile haz\u0131rlanmas\u0131d\u0131r. Do\u011fum \u015fekli ne olursa olsun hedef sa\u011fl\u0131kl\u0131, g\u00fcvenli","og_url":"https:\/\/afyonmutludogum.com\/index.php\/egitimler\/","og_site_name":"Afyon Mutlu Do\u011fum","article_modified_time":"2021-06-13T12:00:55+00:00","og_image":[{"width":1600,"height":1200,"url":"https:\/\/afyonmutludogum.com\/wp-content\/uploads\/2021\/05\/WhatsApp-Image-2021-02-01-at-16.57.19.jpeg","type":"image\/jpeg"}],"twitter_card":"summary_large_image","twitter_misc":{"Tahmini okuma s\u00fcresi":"2 dakika"},"schema":{"@context":"https:\/\/schema.org","@graph":[{"@type":"WebPage","@id":"https:\/\/afyonmutludogum.com\/index.php\/egitimler\/","url":"https:\/\/afyonmutludogum.com\/index.php\/egitimler\/","name":"E\u011fitimler - Afyon Mutlu Do\u011fum","isPartOf":{"@id":"https:\/\/afyonmutludogum.com\/#website"},"datePublished":"2021-05-21T19:03:36+00:00","dateModified":"2021-06-13T12:00:55+00:00","breadcrumb":{"@id":"https:\/\/afyonmutludogum.com\/index.php\/egitimler\/#breadcrumb"},"inLanguage":"tr","potentialAction":[{"@type":"ReadAction","target":["https:\/\/afyonmutludogum.com\/index.php\/egitimler\/"]}]},{"@type":"BreadcrumbList","@id":"https:\/\/afyonmutludogum.com\/index.php\/egitimler\/#breadcrumb","itemListElement":[{"@type":"ListItem","position":1,"name":"Anasayfa","item":"https:\/\/afyonmutludogum.com\/"},{"@type":"ListItem","position":2,"name":"E\u011fitimler"}]},{"@type":"WebSite","@id":"https:\/\/afyonmutludogum.com\/#website","url":"https:\/\/afyonmutludogum.com\/","name":"Afyon Mutlu Do\u011fum","description":"Bebe\u011finize Huzurlu Bir Ba\u015flang\u0131\u00e7","publisher":{"@id":"https:\/\/afyonmutludogum.com\/#\/schema\/person\/77a452a4cac6ef161d43202e37c7354f"},"potentialAction":[{"@type":"SearchAction","target":{"@type":"EntryPoint","urlTemplate":"https:\/\/afyonmutludogum.com\/?s={search_term_string}"},"query-input":"required name=search_term_string"}],"inLanguage":"tr"},{"@type":["Person","Organization"],"@id":"https:\/\/afyonmutludogum.com\/#\/schema\/person\/77a452a4cac6ef161d43202e37c7354f","name":"S\u0131dd\u0131ka Karc\u0131","image":{"@type":"ImageObject","inLanguage":"tr","@id":"https:\/\/afyonmutludogum.com\/#\/schema\/person\/image\/","url":"https:\/\/afyonmutludogum.com\/wp-content\/uploads\/2021\/01\/cropped-cropped-Adsiz-tasarim-21.png","contentUrl":"https:\/\/afyonmutludogum.com\/wp-content\/uploads\/2021\/01\/cropped-cropped-Adsiz-tasarim-21.png","width":358,"height":173,"caption":"S\u0131dd\u0131ka Karc\u0131"},"logo":{"@id":"https:\/\/afyonmutludogum.com\/#\/schema\/person\/image\/"},"sameAs":["https:\/\/afyonmutludogum.com"]}]}},"_links":{"self":[{"href":"https:\/\/afyonmutludogum.com\/index.php\/wp-json\/wp\/v2\/pages\/605"}],"collection":[{"href":"https:\/\/afyonmutludogum.com\/index.php\/wp-json\/wp\/v2\/pages"}],"about":[{"href":"https:\/\/afyonmutludogum.com\/index.php\/wp-json\/wp\/v2\/types\/page"}],"author":[{"embeddable":true,"href":"https:\/\/afyonmutludogum.com\/index.php\/wp-json\/wp\/v2\/users\/1"}],"replies":[{"embeddable":true,"href":"https:\/\/afyonmutludogum.com\/index.php\/wp-json\/wp\/v2\/comments?post=605"}],"version-history":[{"count":4,"href":"https:\/\/afyonmutludogum.com\/index.php\/wp-json\/wp\/v2\/pages\/605\/revisions"}],"predecessor-version":[{"id":651,"href":"https:\/\/afyonmutludogum.com\/index.php\/wp-json\/wp\/v2\/pages\/605\/revisions\/651"}],"wp:featuredmedia":[{"embeddable":true,"href":"https:\/\/afyonmutludogum.com\/index.php\/wp-json\/wp\/v2\/media\/606"}],"wp:attachment":[{"href":"https:\/\/afyonmutludogum.com\/index.php\/wp-json\/wp\/v2\/media?parent=605"}],"curies":[{"name":"wp","href":"https:\/\/api.w.org\/{rel}","templated":true}]}}